{"id":7908,"date":"2015-04-22T19:50:10","date_gmt":"2015-04-22T19:50:10","guid":{"rendered":"http:\/\/www.bodetechnicalservices.com\/?page_id=7908"},"modified":"2015-04-22T19:50:10","modified_gmt":"2015-04-22T19:50:10","slug":"actualice-de-pat-ds50-en-gruas","status":"publish","type":"page","link":"https:\/\/bodetechnicalservices.com\/es\/actualice-de-pat-ds50-en-gruas\/","title":{"rendered":"Actualice de PAT DS50 en Gruas"},"content":{"rendered":"<h1>Sistemas Gruas PAT Hirschmann DS160<\/h1>\n<p>El equipo PAT DS 160, es un sistema limitador de carga, dise\u00f1ado para sustituir algunos de los PAT LMIs antiguos que existen en algunas gr\u00faas del Mercado y que est\u00e1n obsoletos.<\/p>\n<p>En el 80% de los casos, el Eprom de datos del LMI antiguo, puede ser utilizado y enchufado en el nuevo DS160. Esto es posible en el caso que sea mayor o igual a 256 kbit.<\/p>\n<p>La calibraci\u00f3n de los de los sensores de presi\u00f3n se hace mediante los pulsadores de la propia consola.<\/p>\n<h2>Actualice los Sistemas DS 50 en Gr\u00faas Manitex con el PAT DS 160<\/h2>\n<p><img loading=\"lazy\" decoding=\"async\" class=\"aligncenter wp-image-7909\" src=\"http:\/\/bodetechnicalservices.com\/wp-content\/uploads\/\/Actualice-los-Sistemas-DS-50-en-Gr\u00faas-Manitex-con-el-PAT-DS-160-300x244.jpg\" alt=\"Actualice los Sistemas DS 50 en Gr\u00faas Manitex con el PAT DS 160\" width=\"500\" height=\"407\" srcset=\"https:\/\/bodetechnicalservices.com\/wp-content\/uploads\/Actualice-los-Sistemas-DS-50-en-Gr\u00faas-Manitex-con-el-PAT-DS-160-300x244.jpg 300w, https:\/\/bodetechnicalservices.com\/wp-content\/uploads\/Actualice-los-Sistemas-DS-50-en-Gr\u00faas-Manitex-con-el-PAT-DS-160.jpg 700w\" sizes=\"auto, (max-width: 500px) 100vw, 500px\" \/><\/p>\n<h2>Datos T\u00e9cnicos PAT DS 160<\/h2>\n<ul>\n<li>Tensi\u00f3n de alimentaci\u00f3n: 10 &#8230; 30 V DC<\/li>\n<li>Consumo de corriente: 1\u00aa (12 V)<\/li>\n<li>Tipo de Diplay: LCD, 4&#215;20 caracteres<\/li>\n<li>Temperatura de funcionamiento: &#8211; 25 \u00baC &#8230; + 70 \u00baC<\/li>\n<li>Protecci\u00f3n: IP65<\/li>\n<\/ul>\n<h2>Caracter\u00edsticas de DS160<\/h2>\n<ul>\n<li>Consola f\u00e1cil de usar<\/li>\n<li>No requiere re-calibraci\u00f3n<\/li>\n<li>Usa componentes existentes<\/li>\n<li>Muestra la carga permisible y la real, la longitud de la pluma, el \u00e1ngulo de la pluma, y el radio de la carga.<\/li>\n<li>Gr\u00e1fico integrado de barra proporciona una referencia r\u00e1pida sobre la utilizaci\u00f3n de la gr\u00faa<\/li>\n<li>Se conforma con los est\u00e1ndares SAE y ANSI B-30.5<\/li>\n<\/ul>\n<h2>Sobre Nostotros<\/h2>\n<p>BTS es el l\u00edder proveedor de piezas PAT Hirschmann a nivel global. Con miles de clientes en todo el mundo, puedes estar seguro de que nuestra red global de proveedores nos permite proporcionar piezas a precios econ\u00f3micos en todo el mundo. Cont\u00e1ctanos de forma gratuita desde los Estados Unidos en el <strong>855.BODE.TEC<\/strong>, o desde cualquier parte del mundo en el<strong>+1.303.433.8878<\/strong><\/p>\n<p>&nbsp;<\/p>\n<p><span style=\"line-height: 1.5;\">El PAT DS160 muestra una gama completa de informaci\u00f3n precisa en la cabina del operador. Dise\u00f1ado para su uso en gr\u00faas m\u00f3viles, el PAT Hirschmann DS160 se instala y calibra con el gr\u00e1fico de carga de cada gr\u00faa- incluyendo la carga espec\u00edfica y l\u00edmites geom\u00e9tricos en la largura del brazo, \u00e1ngulo, y radio en operaci\u00f3n. El indicador de carga del momento PAT Hirschmann DS160 da al operador la informaci\u00f3n necesaria para utilizar la capacidad de la gr\u00faa al m\u00e1ximo, a la vez que la mantiene dentro de los l\u00edmites de operaci\u00f3n de \u00e9sta.<\/span><\/p>\n","protected":false},"excerpt":{"rendered":"<p>Sistemas Gruas PAT Hirschmann DS160 El equipo PAT DS 160, es un sistema limitador de carga, dise\u00f1ado para sustituir algunos de los PAT LMIs antiguos que existen en algunas gr\u00faas del Mercado y que est\u00e1n obsoletos. En el 80% de los casos, el Eprom de datos del LMI antiguo, puede ser utilizado y enchufado en [&hellip;]<\/p>\n","protected":false},"author":3,"featured_media":0,"parent":0,"menu_order":0,"comment_status":"closed","ping_status":"open","template":"","meta":{"_exactmetrics_skip_tracking":false,"_exactmetrics_sitenote_active":false,"_exactmetrics_sitenote_note":"","_exactmetrics_sitenote_category":0,"_monsterinsights_skip_tracking":false,"_monsterinsights_sitenote_active":false,"_monsterinsights_sitenote_note":"","_monsterinsights_sitenote_category":0,"footnotes":""},"class_list":["post-7908","page","type-page","status-publish","hentry"],"yoast_head":"<!-- This site is optimized with the Yoast SEO plugin v26.9 - https:\/\/yoast.com\/product\/yoast-seo-wordpress\/ -->\n<title>Actualice los Sistemas Gruas DS50 con el PAT DS160<\/title>\n<meta name=\"description\" content=\"DESPACHOS A TODA LATINO AM\u00c9RICA DESDE USA\" \/>\n<meta name=\"robots\" content=\"index, follow, max-snippet:-1, max-image-preview:large, max-video-preview:-1\" \/>\n<link rel=\"canonical\" href=\"https:\/\/bodetechnicalservices.com\/es\/actualice-de-pat-ds50-en-gruas\/\" \/>\n<meta name=\"twitter:label1\" content=\"Tiempo de lectura\" \/>\n\t<meta name=\"twitter:data1\" content=\"2 minutes\" \/>\n<script type=\"application\/ld+json\" class=\"yoast-schema-graph\">{\"@context\":\"https:\/\/schema.org\",\"@graph\":[{\"@type\":\"WebPage\",\"@id\":\"https:\/\/bodetechnicalservices.com\/es\/actualice-de-pat-ds50-en-gruas\/\",\"url\":\"https:\/\/bodetechnicalservices.com\/es\/actualice-de-pat-ds50-en-gruas\/\",\"name\":\"Actualice los Sistemas Gruas DS50 con el PAT DS160\",\"isPartOf\":{\"@id\":\"https:\/\/bodetechnicalservices.com\/#website\"},\"datePublished\":\"2015-04-22T19:50:10+00:00\",\"description\":\"DESPACHOS A TODA LATINO AM\u00c9RICA DESDE USA\",\"breadcrumb\":{\"@id\":\"https:\/\/bodetechnicalservices.com\/es\/actualice-de-pat-ds50-en-gruas\/#breadcrumb\"},\"inLanguage\":\"es-ES\",\"potentialAction\":[{\"@type\":\"ReadAction\",\"target\":[\"https:\/\/bodetechnicalservices.com\/es\/actualice-de-pat-ds50-en-gruas\/\"]}]},{\"@type\":\"BreadcrumbList\",\"@id\":\"https:\/\/bodetechnicalservices.com\/es\/actualice-de-pat-ds50-en-gruas\/#breadcrumb\",\"itemListElement\":[{\"@type\":\"ListItem\",\"position\":1,\"name\":\"Home\",\"item\":\"https:\/\/bodetechnicalservices.com\/\"},{\"@type\":\"ListItem\",\"position\":2,\"name\":\"Actualice de PAT DS50 en Gruas\"}]},{\"@type\":\"WebSite\",\"@id\":\"https:\/\/bodetechnicalservices.com\/#website\",\"url\":\"https:\/\/bodetechnicalservices.com\/\",\"name\":\"BTS Crane\",\"description\":\"Trimble LSI PAT Hirschmann Crane Parts\",\"potentialAction\":[{\"@type\":\"SearchAction\",\"target\":{\"@type\":\"EntryPoint\",\"urlTemplate\":\"https:\/\/bodetechnicalservices.com\/?s={search_term_string}\"},\"query-input\":{\"@type\":\"PropertyValueSpecification\",\"valueRequired\":true,\"valueName\":\"search_term_string\"}}],\"inLanguage\":\"es-ES\"}]}<\/script>\n<!-- \/ Yoast SEO plugin. -->","yoast_head_json":{"title":"Actualice los Sistemas Gruas DS50 con el PAT DS160","description":"DESPACHOS A TODA LATINO AM\u00c9RICA DESDE USA","robots":{"index":"index","follow":"follow","max-snippet":"max-snippet:-1","max-image-preview":"max-image-preview:large","max-video-preview":"max-video-preview:-1"},"canonical":"https:\/\/bodetechnicalservices.com\/es\/actualice-de-pat-ds50-en-gruas\/","twitter_misc":{"Tiempo de lectura":"2 minutes"},"schema":{"@context":"https:\/\/schema.org","@graph":[{"@type":"WebPage","@id":"https:\/\/bodetechnicalservices.com\/es\/actualice-de-pat-ds50-en-gruas\/","url":"https:\/\/bodetechnicalservices.com\/es\/actualice-de-pat-ds50-en-gruas\/","name":"Actualice los Sistemas Gruas DS50 con el PAT DS160","isPartOf":{"@id":"https:\/\/bodetechnicalservices.com\/#website"},"datePublished":"2015-04-22T19:50:10+00:00","description":"DESPACHOS A TODA LATINO AM\u00c9RICA DESDE USA","breadcrumb":{"@id":"https:\/\/bodetechnicalservices.com\/es\/actualice-de-pat-ds50-en-gruas\/#breadcrumb"},"inLanguage":"es-ES","potentialAction":[{"@type":"ReadAction","target":["https:\/\/bodetechnicalservices.com\/es\/actualice-de-pat-ds50-en-gruas\/"]}]},{"@type":"BreadcrumbList","@id":"https:\/\/bodetechnicalservices.com\/es\/actualice-de-pat-ds50-en-gruas\/#breadcrumb","itemListElement":[{"@type":"ListItem","position":1,"name":"Home","item":"https:\/\/bodetechnicalservices.com\/"},{"@type":"ListItem","position":2,"name":"Actualice de PAT DS50 en Gruas"}]},{"@type":"WebSite","@id":"https:\/\/bodetechnicalservices.com\/#website","url":"https:\/\/bodetechnicalservices.com\/","name":"BTS Crane","description":"Trimble LSI PAT Hirschmann Crane Parts","potentialAction":[{"@type":"SearchAction","target":{"@type":"EntryPoint","urlTemplate":"https:\/\/bodetechnicalservices.com\/?s={search_term_string}"},"query-input":{"@type":"PropertyValueSpecification","valueRequired":true,"valueName":"search_term_string"}}],"inLanguage":"es-ES"}]}},"_links":{"self":[{"href":"https:\/\/bodetechnicalservices.com\/es\/wp-json\/wp\/v2\/pages\/7908","targetHints":{"allow":["GET"]}}],"collection":[{"href":"https:\/\/bodetechnicalservices.com\/es\/wp-json\/wp\/v2\/pages"}],"about":[{"href":"https:\/\/bodetechnicalservices.com\/es\/wp-json\/wp\/v2\/types\/page"}],"author":[{"embeddable":true,"href":"https:\/\/bodetechnicalservices.com\/es\/wp-json\/wp\/v2\/users\/3"}],"replies":[{"embeddable":true,"href":"https:\/\/bodetechnicalservices.com\/es\/wp-json\/wp\/v2\/comments?post=7908"}],"version-history":[{"count":0,"href":"https:\/\/bodetechnicalservices.com\/es\/wp-json\/wp\/v2\/pages\/7908\/revisions"}],"wp:attachment":[{"href":"https:\/\/bodetechnicalservices.com\/es\/wp-json\/wp\/v2\/media?parent=7908"}],"curies":[{"name":"wp","href":"https:\/\/api.w.org\/{rel}","templated":true}]}}