{"id":7902,"date":"2015-04-22T17:27:27","date_gmt":"2015-04-22T17:27:27","guid":{"rendered":"http:\/\/www.bodetechnicalservices.com\/?page_id=7902"},"modified":"2015-04-22T17:33:59","modified_gmt":"2015-04-22T17:33:59","slug":"indicador-de-momento-de-carga-mark-4e2","status":"publish","type":"page","link":"https:\/\/bodetechnicalservices.com\/es\/indicador-de-momento-de-carga-mark-4e2\/","title":{"rendered":"Indicador de Momento de Carga Mark 4e2"},"content":{"rendered":"<h1>Indicador de Momento de Carga Mark 4e2<\/h1>\n<p>Funci\u00f3n del sistema de seguridad limitador de cargas kruger Mark 4e2<br \/>\nEl sistema de seguridad y pesaje MARK 4e2 para gr\u00faas asocia una sencilla utilizaci\u00f3n y un dise\u00f1o muy compacto.<\/p>\n<p>Un bar\u00f3grafo de Leds as\u00ed como la pantalla LCD iluminada, informan al operador del estado de la carga actual de la gr\u00faa.<\/p>\n<p>La primera l\u00ednea da el n\u00ba de configuraci\u00f3n, el radio y la carga elevada. La segunda l\u00ednea da el n\u00ba de ramales seleccionados, el \u00e1ngulo o la longitud de la pluma y la carga m\u00e1xima que puede admitir con esa configuraci\u00f3n. Informaciones suplementarias est\u00e1n presentadas bajo la forma de indicadores de alarmas tales como el final de carrera de gancho, la sobrecarga etc&#8230;<\/p>\n<h2>Caracter\u00edsticas de PAT Mark 4e2<\/h2>\n<ul>\n<li><span style=\"line-height: 1.5;\">N\u00ba de Programa<\/span><\/li>\n<li>N\u00ba de Reenvios<\/li>\n<li>Radio de la carga<\/li>\n<li>Angulo y longitud de pluma<\/li>\n<li>Carga actual<\/li>\n<li>M\u00e1xima carga permitida.Momento de carga<\/li>\n<li>Alarmas ac\u00fasticas y visuales<\/li>\n<li>Se\u00f1al de corte<\/li>\n<li>C\u00f3digo de Aver\u00edas<\/li>\n<\/ul>\n<h2>Sobre Nostotros<\/h2>\n<p>BTS es el l\u00edder proveedor de piezas PAT Hirschmann a nivel global. Con miles de clientes en todo el mundo, puedes estar seguro de que nuestra red global de proveedores nos permite proporcionar piezas a precios econ\u00f3micos en todo el mundo. Cont\u00e1ctanos de forma gratuita desde los Estados Unidos en el <strong>855.BODE.TEC<\/strong>, o desde cualquier parte del mundo en el<strong>+1.303.433.8878<\/strong><\/p>\n<p>&nbsp;<\/p>\n<p><span style=\"line-height: 1.5;\">Calibraci\u00f3n r\u00e1pida y f\u00e1cil- El software exclusivo de calibraci\u00f3n AccuCalTM permite la calibraci\u00f3n a trav\u00e9s de la consola con la ayuda de tu vendedor local. No hace falta ni m\u00e1s personal ni otros dispositivos. El programa utiliza un c\u00f3digo que proh\u00edbe el acceso a personal no autorizado.<\/span><\/p>\n<p>Mide la carga real en el momento- Midiendo la carga real en el momento, el PRS 145 percibe la operaci\u00f3n del brazo, el movimiento hacia afuera de la carga, la carga del viento, la carga de choque, y los efectos de la deflexi\u00f3n del brazo. Los transductores de presi\u00f3n en los cilindros de elevaci\u00f3n del brazo telesc\u00f3pico de las gr\u00faas se usan para medir la carga en el momento.<\/p>\n<p>Pantalla digital LCD- Letra grande y un LCD super doblado- iluminado para uso nocturno, dan al operador una visi\u00f3n clara desde todos los \u00e1ngulos. La barra de luz integrada provee una referencia r\u00e1pida para el uso de la gr\u00faa.<\/p>\n<p>Anti-Two-Block- Un interruptor especial de l\u00edmite del levantamiento hace sonar una alarma y muestra una advertencia visual si hay una condici\u00f3n de dos bloques (two block). Funci\u00f3n de apague de la palanca de control. Cuando el sistema LMI percibe una sobrecarga o un inminente problema de dos bloques, el PRS 145 ofrece una se\u00f1al que se puede usar para activar un apague opcional de la palanca que anula la subida del telescopio y la bajada y movimiento hacia fuera del brazo.<\/p>\n<p>Auto-diagn\u00f3stico- Supervisa continuamente el sistema y sus sensores. Los c\u00f3digos de error aparecen para ayudar a identificar problemas y minimizar el tiempo de paro.<\/p>\n","protected":false},"excerpt":{"rendered":"<p>Indicador de Momento de Carga Mark 4e2 Funci\u00f3n del sistema de seguridad limitador de cargas kruger Mark 4e2 El sistema de seguridad y pesaje MARK 4e2 para gr\u00faas asocia una sencilla utilizaci\u00f3n y un dise\u00f1o muy compacto. Un bar\u00f3grafo de Leds as\u00ed como la pantalla LCD iluminada, informan al operador del estado de la carga [&hellip;]<\/p>\n","protected":false},"author":3,"featured_media":7903,"parent":0,"menu_order":0,"comment_status":"closed","ping_status":"open","template":"","meta":{"_exactmetrics_skip_tracking":false,"_exactmetrics_sitenote_active":false,"_exactmetrics_sitenote_note":"","_exactmetrics_sitenote_category":0,"_monsterinsights_skip_tracking":false,"_monsterinsights_sitenote_active":false,"_monsterinsights_sitenote_note":"","_monsterinsights_sitenote_category":0,"footnotes":""},"class_list":["post-7902","page","type-page","status-publish","has-post-thumbnail","hentry"],"yoast_head":"<!-- This site is optimized with the Yoast SEO plugin v26.9 - https:\/\/yoast.com\/product\/yoast-seo-wordpress\/ -->\n<title>Mark 4e2 Indicador Momento de Carga<\/title>\n<meta name=\"description\" content=\"DESPACHOS A TODA LATINO AM\u00c9RICA DESDE USA\" \/>\n<meta name=\"robots\" content=\"index, follow, max-snippet:-1, max-image-preview:large, max-video-preview:-1\" \/>\n<link rel=\"canonical\" href=\"https:\/\/bodetechnicalservices.com\/es\/indicador-de-momento-de-carga-mark-4e2\/\" \/>\n<meta name=\"twitter:label1\" content=\"Tiempo de lectura\" \/>\n\t<meta name=\"twitter:data1\" content=\"3 minutes\" \/>\n<script type=\"application\/ld+json\" class=\"yoast-schema-graph\">{\"@context\":\"https:\/\/schema.org\",\"@graph\":[{\"@type\":\"WebPage\",\"@id\":\"https:\/\/bodetechnicalservices.com\/es\/indicador-de-momento-de-carga-mark-4e2\/\",\"url\":\"https:\/\/bodetechnicalservices.com\/es\/indicador-de-momento-de-carga-mark-4e2\/\",\"name\":\"Mark 4e2 Indicador Momento de Carga\",\"isPartOf\":{\"@id\":\"https:\/\/bodetechnicalservices.com\/#website\"},\"primaryImageOfPage\":{\"@id\":\"https:\/\/bodetechnicalservices.com\/es\/indicador-de-momento-de-carga-mark-4e2\/#primaryimage\"},\"image\":{\"@id\":\"https:\/\/bodetechnicalservices.com\/es\/indicador-de-momento-de-carga-mark-4e2\/#primaryimage\"},\"thumbnailUrl\":\"https:\/\/bodetechnicalservices.com\/wp-content\/uploads\/Indicador-de-Momento-de-Carga-Mark-4e2-PAT-Hirschmann.jpg\",\"datePublished\":\"2015-04-22T17:27:27+00:00\",\"dateModified\":\"2015-04-22T17:33:59+00:00\",\"description\":\"DESPACHOS A TODA LATINO AM\u00c9RICA DESDE USA\",\"breadcrumb\":{\"@id\":\"https:\/\/bodetechnicalservices.com\/es\/indicador-de-momento-de-carga-mark-4e2\/#breadcrumb\"},\"inLanguage\":\"es-ES\",\"potentialAction\":[{\"@type\":\"ReadAction\",\"target\":[\"https:\/\/bodetechnicalservices.com\/es\/indicador-de-momento-de-carga-mark-4e2\/\"]}]},{\"@type\":\"ImageObject\",\"inLanguage\":\"es-ES\",\"@id\":\"https:\/\/bodetechnicalservices.com\/es\/indicador-de-momento-de-carga-mark-4e2\/#primaryimage\",\"url\":\"https:\/\/bodetechnicalservices.com\/wp-content\/uploads\/Indicador-de-Momento-de-Carga-Mark-4e2-PAT-Hirschmann.jpg\",\"contentUrl\":\"https:\/\/bodetechnicalservices.com\/wp-content\/uploads\/Indicador-de-Momento-de-Carga-Mark-4e2-PAT-Hirschmann.jpg\",\"width\":5184,\"height\":3456,\"caption\":\"Indicador de Momento de Carga Mark 4e2 PAT Hirschmann\"},{\"@type\":\"BreadcrumbList\",\"@id\":\"https:\/\/bodetechnicalservices.com\/es\/indicador-de-momento-de-carga-mark-4e2\/#breadcrumb\",\"itemListElement\":[{\"@type\":\"ListItem\",\"position\":1,\"name\":\"Home\",\"item\":\"https:\/\/bodetechnicalservices.com\/\"},{\"@type\":\"ListItem\",\"position\":2,\"name\":\"Indicador de Momento de Carga Mark 4e2\"}]},{\"@type\":\"WebSite\",\"@id\":\"https:\/\/bodetechnicalservices.com\/#website\",\"url\":\"https:\/\/bodetechnicalservices.com\/\",\"name\":\"BTS Crane\",\"description\":\"Trimble LSI PAT Hirschmann Crane Parts\",\"potentialAction\":[{\"@type\":\"SearchAction\",\"target\":{\"@type\":\"EntryPoint\",\"urlTemplate\":\"https:\/\/bodetechnicalservices.com\/?s={search_term_string}\"},\"query-input\":{\"@type\":\"PropertyValueSpecification\",\"valueRequired\":true,\"valueName\":\"search_term_string\"}}],\"inLanguage\":\"es-ES\"}]}<\/script>\n<!-- \/ Yoast SEO plugin. -->","yoast_head_json":{"title":"Mark 4e2 Indicador Momento de Carga","description":"DESPACHOS A TODA LATINO AM\u00c9RICA DESDE USA","robots":{"index":"index","follow":"follow","max-snippet":"max-snippet:-1","max-image-preview":"max-image-preview:large","max-video-preview":"max-video-preview:-1"},"canonical":"https:\/\/bodetechnicalservices.com\/es\/indicador-de-momento-de-carga-mark-4e2\/","twitter_misc":{"Tiempo de lectura":"3 minutes"},"schema":{"@context":"https:\/\/schema.org","@graph":[{"@type":"WebPage","@id":"https:\/\/bodetechnicalservices.com\/es\/indicador-de-momento-de-carga-mark-4e2\/","url":"https:\/\/bodetechnicalservices.com\/es\/indicador-de-momento-de-carga-mark-4e2\/","name":"Mark 4e2 Indicador Momento de Carga","isPartOf":{"@id":"https:\/\/bodetechnicalservices.com\/#website"},"primaryImageOfPage":{"@id":"https:\/\/bodetechnicalservices.com\/es\/indicador-de-momento-de-carga-mark-4e2\/#primaryimage"},"image":{"@id":"https:\/\/bodetechnicalservices.com\/es\/indicador-de-momento-de-carga-mark-4e2\/#primaryimage"},"thumbnailUrl":"https:\/\/bodetechnicalservices.com\/wp-content\/uploads\/Indicador-de-Momento-de-Carga-Mark-4e2-PAT-Hirschmann.jpg","datePublished":"2015-04-22T17:27:27+00:00","dateModified":"2015-04-22T17:33:59+00:00","description":"DESPACHOS A TODA LATINO AM\u00c9RICA DESDE USA","breadcrumb":{"@id":"https:\/\/bodetechnicalservices.com\/es\/indicador-de-momento-de-carga-mark-4e2\/#breadcrumb"},"inLanguage":"es-ES","potentialAction":[{"@type":"ReadAction","target":["https:\/\/bodetechnicalservices.com\/es\/indicador-de-momento-de-carga-mark-4e2\/"]}]},{"@type":"ImageObject","inLanguage":"es-ES","@id":"https:\/\/bodetechnicalservices.com\/es\/indicador-de-momento-de-carga-mark-4e2\/#primaryimage","url":"https:\/\/bodetechnicalservices.com\/wp-content\/uploads\/Indicador-de-Momento-de-Carga-Mark-4e2-PAT-Hirschmann.jpg","contentUrl":"https:\/\/bodetechnicalservices.com\/wp-content\/uploads\/Indicador-de-Momento-de-Carga-Mark-4e2-PAT-Hirschmann.jpg","width":5184,"height":3456,"caption":"Indicador de Momento de Carga Mark 4e2 PAT Hirschmann"},{"@type":"BreadcrumbList","@id":"https:\/\/bodetechnicalservices.com\/es\/indicador-de-momento-de-carga-mark-4e2\/#breadcrumb","itemListElement":[{"@type":"ListItem","position":1,"name":"Home","item":"https:\/\/bodetechnicalservices.com\/"},{"@type":"ListItem","position":2,"name":"Indicador de Momento de Carga Mark 4e2"}]},{"@type":"WebSite","@id":"https:\/\/bodetechnicalservices.com\/#website","url":"https:\/\/bodetechnicalservices.com\/","name":"BTS Crane","description":"Trimble LSI PAT Hirschmann Crane Parts","potentialAction":[{"@type":"SearchAction","target":{"@type":"EntryPoint","urlTemplate":"https:\/\/bodetechnicalservices.com\/?s={search_term_string}"},"query-input":{"@type":"PropertyValueSpecification","valueRequired":true,"valueName":"search_term_string"}}],"inLanguage":"es-ES"}]}},"_links":{"self":[{"href":"https:\/\/bodetechnicalservices.com\/es\/wp-json\/wp\/v2\/pages\/7902","targetHints":{"allow":["GET"]}}],"collection":[{"href":"https:\/\/bodetechnicalservices.com\/es\/wp-json\/wp\/v2\/pages"}],"about":[{"href":"https:\/\/bodetechnicalservices.com\/es\/wp-json\/wp\/v2\/types\/page"}],"author":[{"embeddable":true,"href":"https:\/\/bodetechnicalservices.com\/es\/wp-json\/wp\/v2\/users\/3"}],"replies":[{"embeddable":true,"href":"https:\/\/bodetechnicalservices.com\/es\/wp-json\/wp\/v2\/comments?post=7902"}],"version-history":[{"count":1,"href":"https:\/\/bodetechnicalservices.com\/es\/wp-json\/wp\/v2\/pages\/7902\/revisions"}],"predecessor-version":[{"id":7905,"href":"https:\/\/bodetechnicalservices.com\/es\/wp-json\/wp\/v2\/pages\/7902\/revisions\/7905"}],"wp:featuredmedia":[{"embeddable":true,"href":"https:\/\/bodetechnicalservices.com\/es\/wp-json\/wp\/v2\/media\/7903"}],"wp:attachment":[{"href":"https:\/\/bodetechnicalservices.com\/es\/wp-json\/wp\/v2\/media?parent=7902"}],"curies":[{"name":"wp","href":"https:\/\/api.w.org\/{rel}","templated":true}]}}