{"id":7899,"date":"2015-04-22T17:00:42","date_gmt":"2015-04-22T17:00:42","guid":{"rendered":"http:\/\/www.bodetechnicalservices.com\/?page_id=7899"},"modified":"2015-04-22T17:34:12","modified_gmt":"2015-04-22T17:34:12","slug":"prs-40-ez-velocidad-viento-pat-hirschmann","status":"publish","type":"page","link":"https:\/\/bodetechnicalservices.com\/es\/prs-40-ez-velocidad-viento-pat-hirschmann\/","title":{"rendered":"PRS 40 EZ Velocidad Viento PAT Hirschmann"},"content":{"rendered":"<h1>PRS 40 EZ PAT Hirschmann Sistema Indicador de Velocidad de Viento<\/h1>\n<p>El sistema PAT Krueger PRS 40 EZ es un indicador de velocidad de viento para gr\u00faas m\u00f3viles que tiene un dise\u00f1o flexible que facilita monitorear entradas m\u00faltiples de sensor en aplicaciones inal\u00e1mbricas o cableadas. El sistema puede monitorear hasta dos sensores inal\u00e1mbricos y un sensor cableado al mismo tiempo, dando al operador la versatilidad de combinar sensores inal\u00e1mbricos y los cableados. En aplicaciones inal\u00e1mbricas el PRS 40 EZ utiliza la tecnolog\u00eda del Espectro Extendido de Saltar de Frecuencia (FHSS) que transmite en uno de 25 canales para asegurar recepci\u00f3n precisa y consistente de datos. FHSS tambi\u00e9n proporciona protecci\u00f3n adicional contra interferencia com\u00fan en sitios de construcci\u00f3n.<\/p>\n<h2>Caracter\u00edsticas de PAT PRS 40<\/h2>\n<ul>\n<li>Uso en aplicaciones inal\u00e1mbricas y cableadas<\/li>\n<li>Monitorea combinaciones de carga, \u00e1ngulo de la pluma, velocidad del viento, y anti-two block<\/li>\n<li>L\u00edmites fijados por el operador con advertencia visual y audible<\/li>\n<li>Monitorea hasta dos sensores inal\u00e1mbricos y un sensor con cables a la misma vez<\/li>\n<li>Opera hasta 1000 pies de distancia en aplicaciones inal\u00e1mbricas<\/li>\n<li>Se instala r\u00e1pidamente y f\u00e1cilmente en cualquier tama\u00f1o de gr\u00faa m\u00f3vil.<\/li>\n<li>Conforme con los est\u00e1ndares de la industria para aparatos indicadores<\/li>\n<\/ul>\n<h2>Sobre Nostotros<\/h2>\n<p>BTS es el l\u00edder proveedor de piezas PAT Hirschmann a nivel global. Con miles de clientes en todo el mundo, puedes estar seguro de que nuestra red global de proveedores nos permite proporcionar piezas a precios econ\u00f3micos en todo el mundo. Cont\u00e1ctanos de forma gratuita desde los Estados Unidos en el <strong>855.BODE.TEC<\/strong>, o desde cualquier parte del mundo en el<strong>+1.303.433.8878<\/strong><\/p>\n<p>&nbsp;<\/p>\n<p>El Hirschmann PRS 40 incorpora tecnolog\u00eda de sensores acoplados y sin cables probados en el mundo real. El interruptor anti-two block (A2B) se usa en este momento en toda la industria, en miles de gr\u00faas m\u00f3viles. Todos los dispositivos electr\u00f3nicos est\u00e1n sellados y cerrados, lo que crea un interruptor robusto y duradero. La carga se mide con una precisi\u00f3n de m\u00e1s de un 1%, en las aplicaciones acopladas y las sin cable. En las aplicaciones sin cables se usa una bater\u00eda de carga de 15 o 45K, que se puede instalar f\u00e1cilmente en la bola de la gr\u00faa o en la parte sin salida del brazo. En las aplicaciones acopladas, el Hirschmann PRS40 incorpora un linerider (trazador de l\u00edneas). Los sensores del \u00e1ngulo Hirschmann tienen un dise\u00f1o compacto y duradero. El \u00e1ngulo del brazo de la gr\u00faa se mide con una precisi\u00f3n de+\/- 1\u00b0. El sensor de la velocidad del viento tiene tres cubos y est\u00e1 dise\u00f1ado para ser operado en ambientes adversos. El soporte r\u00e1pido de pedestal de pivote permite una instalaci\u00f3n r\u00e1pida y f\u00e1cil en aplicaciones fijas o m\u00f3viles.<\/p>\n","protected":false},"excerpt":{"rendered":"<p>PRS 40 EZ PAT Hirschmann Sistema Indicador de Velocidad de Viento El sistema PAT Krueger PRS 40 EZ es un indicador de velocidad de viento para gr\u00faas m\u00f3viles que tiene un dise\u00f1o flexible que facilita monitorear entradas m\u00faltiples de sensor en aplicaciones inal\u00e1mbricas o cableadas. El sistema puede monitorear hasta dos sensores inal\u00e1mbricos y un [&hellip;]<\/p>\n","protected":false},"author":3,"featured_media":7900,"parent":0,"menu_order":0,"comment_status":"closed","ping_status":"open","template":"","meta":{"_exactmetrics_skip_tracking":false,"_exactmetrics_sitenote_active":false,"_exactmetrics_sitenote_note":"","_exactmetrics_sitenote_category":0,"_monsterinsights_skip_tracking":false,"_monsterinsights_sitenote_active":false,"_monsterinsights_sitenote_note":"","_monsterinsights_sitenote_category":0,"footnotes":""},"class_list":["post-7899","page","type-page","status-publish","has-post-thumbnail","hentry"],"yoast_head":"<!-- This site is optimized with the Yoast SEO plugin v26.9 - https:\/\/yoast.com\/product\/yoast-seo-wordpress\/ -->\n<title>PRS 40 EZ Velocidad Viento PAT Hirschmann - BTS Crane<\/title>\n<meta name=\"robots\" content=\"index, follow, max-snippet:-1, max-image-preview:large, max-video-preview:-1\" \/>\n<link rel=\"canonical\" href=\"https:\/\/bodetechnicalservices.com\/es\/prs-40-ez-velocidad-viento-pat-hirschmann\/\" \/>\n<meta name=\"twitter:label1\" content=\"Tiempo de lectura\" \/>\n\t<meta name=\"twitter:data1\" content=\"2 minutes\" \/>\n<script type=\"application\/ld+json\" class=\"yoast-schema-graph\">{\"@context\":\"https:\/\/schema.org\",\"@graph\":[{\"@type\":\"WebPage\",\"@id\":\"https:\/\/bodetechnicalservices.com\/es\/prs-40-ez-velocidad-viento-pat-hirschmann\/\",\"url\":\"https:\/\/bodetechnicalservices.com\/es\/prs-40-ez-velocidad-viento-pat-hirschmann\/\",\"name\":\"PRS 40 EZ Velocidad Viento PAT Hirschmann - BTS Crane\",\"isPartOf\":{\"@id\":\"https:\/\/bodetechnicalservices.com\/#website\"},\"primaryImageOfPage\":{\"@id\":\"https:\/\/bodetechnicalservices.com\/es\/prs-40-ez-velocidad-viento-pat-hirschmann\/#primaryimage\"},\"image\":{\"@id\":\"https:\/\/bodetechnicalservices.com\/es\/prs-40-ez-velocidad-viento-pat-hirschmann\/#primaryimage\"},\"thumbnailUrl\":\"https:\/\/bodetechnicalservices.com\/wp-content\/uploads\/PRS-40-EZ-Velocidad-Viento-PAT-Hirschmann.jpg\",\"datePublished\":\"2015-04-22T17:00:42+00:00\",\"dateModified\":\"2015-04-22T17:34:12+00:00\",\"breadcrumb\":{\"@id\":\"https:\/\/bodetechnicalservices.com\/es\/prs-40-ez-velocidad-viento-pat-hirschmann\/#breadcrumb\"},\"inLanguage\":\"es-ES\",\"potentialAction\":[{\"@type\":\"ReadAction\",\"target\":[\"https:\/\/bodetechnicalservices.com\/es\/prs-40-ez-velocidad-viento-pat-hirschmann\/\"]}]},{\"@type\":\"ImageObject\",\"inLanguage\":\"es-ES\",\"@id\":\"https:\/\/bodetechnicalservices.com\/es\/prs-40-ez-velocidad-viento-pat-hirschmann\/#primaryimage\",\"url\":\"https:\/\/bodetechnicalservices.com\/wp-content\/uploads\/PRS-40-EZ-Velocidad-Viento-PAT-Hirschmann.jpg\",\"contentUrl\":\"https:\/\/bodetechnicalservices.com\/wp-content\/uploads\/PRS-40-EZ-Velocidad-Viento-PAT-Hirschmann.jpg\",\"width\":392,\"height\":277,\"caption\":\"PRS 40 EZ Velocidad Viento PAT Hirschmann\"},{\"@type\":\"BreadcrumbList\",\"@id\":\"https:\/\/bodetechnicalservices.com\/es\/prs-40-ez-velocidad-viento-pat-hirschmann\/#breadcrumb\",\"itemListElement\":[{\"@type\":\"ListItem\",\"position\":1,\"name\":\"Home\",\"item\":\"https:\/\/bodetechnicalservices.com\/\"},{\"@type\":\"ListItem\",\"position\":2,\"name\":\"PRS 40 EZ Velocidad Viento PAT Hirschmann\"}]},{\"@type\":\"WebSite\",\"@id\":\"https:\/\/bodetechnicalservices.com\/#website\",\"url\":\"https:\/\/bodetechnicalservices.com\/\",\"name\":\"BTS Crane\",\"description\":\"Trimble LSI PAT Hirschmann Crane Parts\",\"potentialAction\":[{\"@type\":\"SearchAction\",\"target\":{\"@type\":\"EntryPoint\",\"urlTemplate\":\"https:\/\/bodetechnicalservices.com\/?s={search_term_string}\"},\"query-input\":{\"@type\":\"PropertyValueSpecification\",\"valueRequired\":true,\"valueName\":\"search_term_string\"}}],\"inLanguage\":\"es-ES\"}]}<\/script>\n<!-- \/ Yoast SEO plugin. -->","yoast_head_json":{"title":"PRS 40 EZ Velocidad Viento PAT Hirschmann - BTS Crane","robots":{"index":"index","follow":"follow","max-snippet":"max-snippet:-1","max-image-preview":"max-image-preview:large","max-video-preview":"max-video-preview:-1"},"canonical":"https:\/\/bodetechnicalservices.com\/es\/prs-40-ez-velocidad-viento-pat-hirschmann\/","twitter_misc":{"Tiempo de lectura":"2 minutes"},"schema":{"@context":"https:\/\/schema.org","@graph":[{"@type":"WebPage","@id":"https:\/\/bodetechnicalservices.com\/es\/prs-40-ez-velocidad-viento-pat-hirschmann\/","url":"https:\/\/bodetechnicalservices.com\/es\/prs-40-ez-velocidad-viento-pat-hirschmann\/","name":"PRS 40 EZ Velocidad Viento PAT Hirschmann - BTS Crane","isPartOf":{"@id":"https:\/\/bodetechnicalservices.com\/#website"},"primaryImageOfPage":{"@id":"https:\/\/bodetechnicalservices.com\/es\/prs-40-ez-velocidad-viento-pat-hirschmann\/#primaryimage"},"image":{"@id":"https:\/\/bodetechnicalservices.com\/es\/prs-40-ez-velocidad-viento-pat-hirschmann\/#primaryimage"},"thumbnailUrl":"https:\/\/bodetechnicalservices.com\/wp-content\/uploads\/PRS-40-EZ-Velocidad-Viento-PAT-Hirschmann.jpg","datePublished":"2015-04-22T17:00:42+00:00","dateModified":"2015-04-22T17:34:12+00:00","breadcrumb":{"@id":"https:\/\/bodetechnicalservices.com\/es\/prs-40-ez-velocidad-viento-pat-hirschmann\/#breadcrumb"},"inLanguage":"es-ES","potentialAction":[{"@type":"ReadAction","target":["https:\/\/bodetechnicalservices.com\/es\/prs-40-ez-velocidad-viento-pat-hirschmann\/"]}]},{"@type":"ImageObject","inLanguage":"es-ES","@id":"https:\/\/bodetechnicalservices.com\/es\/prs-40-ez-velocidad-viento-pat-hirschmann\/#primaryimage","url":"https:\/\/bodetechnicalservices.com\/wp-content\/uploads\/PRS-40-EZ-Velocidad-Viento-PAT-Hirschmann.jpg","contentUrl":"https:\/\/bodetechnicalservices.com\/wp-content\/uploads\/PRS-40-EZ-Velocidad-Viento-PAT-Hirschmann.jpg","width":392,"height":277,"caption":"PRS 40 EZ Velocidad Viento PAT Hirschmann"},{"@type":"BreadcrumbList","@id":"https:\/\/bodetechnicalservices.com\/es\/prs-40-ez-velocidad-viento-pat-hirschmann\/#breadcrumb","itemListElement":[{"@type":"ListItem","position":1,"name":"Home","item":"https:\/\/bodetechnicalservices.com\/"},{"@type":"ListItem","position":2,"name":"PRS 40 EZ Velocidad Viento PAT Hirschmann"}]},{"@type":"WebSite","@id":"https:\/\/bodetechnicalservices.com\/#website","url":"https:\/\/bodetechnicalservices.com\/","name":"BTS Crane","description":"Trimble LSI PAT Hirschmann Crane Parts","potentialAction":[{"@type":"SearchAction","target":{"@type":"EntryPoint","urlTemplate":"https:\/\/bodetechnicalservices.com\/?s={search_term_string}"},"query-input":{"@type":"PropertyValueSpecification","valueRequired":true,"valueName":"search_term_string"}}],"inLanguage":"es-ES"}]}},"_links":{"self":[{"href":"https:\/\/bodetechnicalservices.com\/es\/wp-json\/wp\/v2\/pages\/7899","targetHints":{"allow":["GET"]}}],"collection":[{"href":"https:\/\/bodetechnicalservices.com\/es\/wp-json\/wp\/v2\/pages"}],"about":[{"href":"https:\/\/bodetechnicalservices.com\/es\/wp-json\/wp\/v2\/types\/page"}],"author":[{"embeddable":true,"href":"https:\/\/bodetechnicalservices.com\/es\/wp-json\/wp\/v2\/users\/3"}],"replies":[{"embeddable":true,"href":"https:\/\/bodetechnicalservices.com\/es\/wp-json\/wp\/v2\/comments?post=7899"}],"version-history":[{"count":1,"href":"https:\/\/bodetechnicalservices.com\/es\/wp-json\/wp\/v2\/pages\/7899\/revisions"}],"predecessor-version":[{"id":7906,"href":"https:\/\/bodetechnicalservices.com\/es\/wp-json\/wp\/v2\/pages\/7899\/revisions\/7906"}],"wp:featuredmedia":[{"embeddable":true,"href":"https:\/\/bodetechnicalservices.com\/es\/wp-json\/wp\/v2\/media\/7900"}],"wp:attachment":[{"href":"https:\/\/bodetechnicalservices.com\/es\/wp-json\/wp\/v2\/media?parent=7899"}],"curies":[{"name":"wp","href":"https:\/\/api.w.org\/{rel}","templated":true}]}}