{"id":7892,"date":"2015-04-22T16:22:06","date_gmt":"2015-04-22T16:22:06","guid":{"rendered":"http:\/\/www.bodetechnicalservices.com\/?page_id=7892"},"modified":"2015-04-22T17:06:09","modified_gmt":"2015-04-22T17:06:09","slug":"celula-carga-kmd-pat-hirschmann","status":"publish","type":"page","link":"https:\/\/bodetechnicalservices.com\/es\/celula-carga-kmd-pat-hirschmann\/","title":{"rendered":"Celula Carga KMD PAT Hirschmann"},"content":{"rendered":"<h1>C\u00e9lula Carga KMD PAT Hirschmann<\/h1>\n<p>Este tipo de C\u00e9lula de carga PAT Hirschmann est\u00e1n dise\u00f1adas para medir fuerzas din\u00e1micas y est\u00e1ticas normalmente en gr\u00faas, cabrestantes fijos, barcos u otro tipo de vehiculo. Est\u00e1n dise\u00f1adas para trabajar en condiciones de m\u00e1xima capacidad y de gran esfuerzo.<\/p>\n<p>Tienen una sencilla y f\u00e1cil instalaci\u00f3n, que permite adaptarse a cualquier tipo de situaci\u00f3n. Normalmente se instalan junto a una unidad display, para poder monitorizar la carga o tensi\u00f3n que se ejerce sobre la KMD contando con una gran precisi\u00f3n.<\/p>\n<p>Normalmente existen unidades Standard desde 3 tn hasta 20, pero es posible realizar bajo pedido KMD que vayan desde los 0,5tn hasta las 1000 tn y con diferentes di\u00e1metros en los cabezales.<\/p>\n<p>DESPACHOS A TODA LATINO AM\u00c9RICA DESDE USA !!<\/p>\n<h2>Sobre Nostotros<\/h2>\n<p>BTS es el l\u00edder proveedor de piezas PAT Hirschmann a nivel global. Con miles de clientes en todo el mundo, puedes estar seguro de que nuestra red global de proveedores nos permite proporcionar piezas a precios econ\u00f3micos en todo el mundo. Cont\u00e1ctanos de forma gratuita desde los Estados Unidos en el <strong>855.BODE.TEC<\/strong>, o desde cualquier parte del mundo en el<strong> +1.303.433.8878<\/strong><\/p>\n","protected":false},"excerpt":{"rendered":"<p>C\u00e9lula Carga KMD PAT Hirschmann Este tipo de C\u00e9lula de carga PAT Hirschmann est\u00e1n dise\u00f1adas para medir fuerzas din\u00e1micas y est\u00e1ticas normalmente en gr\u00faas, cabrestantes fijos, barcos u otro tipo de vehiculo. Est\u00e1n dise\u00f1adas para trabajar en condiciones de m\u00e1xima capacidad y de gran esfuerzo. Tienen una sencilla y f\u00e1cil instalaci\u00f3n, que permite adaptarse a [&hellip;]<\/p>\n","protected":false},"author":3,"featured_media":7893,"parent":0,"menu_order":0,"comment_status":"closed","ping_status":"open","template":"","meta":{"_exactmetrics_skip_tracking":false,"_exactmetrics_sitenote_active":false,"_exactmetrics_sitenote_note":"","_exactmetrics_sitenote_category":0,"_monsterinsights_skip_tracking":false,"_monsterinsights_sitenote_active":false,"_monsterinsights_sitenote_note":"","_monsterinsights_sitenote_category":0,"footnotes":""},"class_list":["post-7892","page","type-page","status-publish","has-post-thumbnail","hentry"],"yoast_head":"<!-- This site is optimized with the Yoast SEO plugin v26.9 - https:\/\/yoast.com\/product\/yoast-seo-wordpress\/ -->\n<title>Celula Carga KMD PAT Hirschmann<\/title>\n<meta name=\"description\" content=\"DESPACHOS A TODA LATINO AM\u00c9RICA DESDE USA\" \/>\n<meta name=\"robots\" content=\"index, follow, max-snippet:-1, max-image-preview:large, max-video-preview:-1\" \/>\n<link rel=\"canonical\" href=\"https:\/\/bodetechnicalservices.com\/es\/celula-carga-kmd-pat-hirschmann\/\" \/>\n<meta name=\"twitter:label1\" content=\"Tiempo de lectura\" \/>\n\t<meta name=\"twitter:data1\" content=\"1 minute\" \/>\n<script type=\"application\/ld+json\" class=\"yoast-schema-graph\">{\"@context\":\"https:\/\/schema.org\",\"@graph\":[{\"@type\":\"WebPage\",\"@id\":\"https:\/\/bodetechnicalservices.com\/es\/celula-carga-kmd-pat-hirschmann\/\",\"url\":\"https:\/\/bodetechnicalservices.com\/es\/celula-carga-kmd-pat-hirschmann\/\",\"name\":\"Celula Carga KMD PAT Hirschmann\",\"isPartOf\":{\"@id\":\"https:\/\/bodetechnicalservices.com\/#website\"},\"primaryImageOfPage\":{\"@id\":\"https:\/\/bodetechnicalservices.com\/es\/celula-carga-kmd-pat-hirschmann\/#primaryimage\"},\"image\":{\"@id\":\"https:\/\/bodetechnicalservices.com\/es\/celula-carga-kmd-pat-hirschmann\/#primaryimage\"},\"thumbnailUrl\":\"https:\/\/bodetechnicalservices.com\/wp-content\/uploads\/Celula-Carga-PAT-Hirschmann-BTS.png\",\"datePublished\":\"2015-04-22T16:22:06+00:00\",\"dateModified\":\"2015-04-22T17:06:09+00:00\",\"description\":\"DESPACHOS A TODA LATINO AM\u00c9RICA DESDE USA\",\"breadcrumb\":{\"@id\":\"https:\/\/bodetechnicalservices.com\/es\/celula-carga-kmd-pat-hirschmann\/#breadcrumb\"},\"inLanguage\":\"es-ES\",\"potentialAction\":[{\"@type\":\"ReadAction\",\"target\":[\"https:\/\/bodetechnicalservices.com\/es\/celula-carga-kmd-pat-hirschmann\/\"]}]},{\"@type\":\"ImageObject\",\"inLanguage\":\"es-ES\",\"@id\":\"https:\/\/bodetechnicalservices.com\/es\/celula-carga-kmd-pat-hirschmann\/#primaryimage\",\"url\":\"https:\/\/bodetechnicalservices.com\/wp-content\/uploads\/Celula-Carga-PAT-Hirschmann-BTS.png\",\"contentUrl\":\"https:\/\/bodetechnicalservices.com\/wp-content\/uploads\/Celula-Carga-PAT-Hirschmann-BTS.png\",\"width\":736,\"height\":156,\"caption\":\"Celula Carga KMD PAT Hirschmann\"},{\"@type\":\"BreadcrumbList\",\"@id\":\"https:\/\/bodetechnicalservices.com\/es\/celula-carga-kmd-pat-hirschmann\/#breadcrumb\",\"itemListElement\":[{\"@type\":\"ListItem\",\"position\":1,\"name\":\"Home\",\"item\":\"https:\/\/bodetechnicalservices.com\/\"},{\"@type\":\"ListItem\",\"position\":2,\"name\":\"Celula Carga KMD PAT Hirschmann\"}]},{\"@type\":\"WebSite\",\"@id\":\"https:\/\/bodetechnicalservices.com\/#website\",\"url\":\"https:\/\/bodetechnicalservices.com\/\",\"name\":\"BTS Crane\",\"description\":\"Trimble LSI PAT Hirschmann Crane Parts\",\"potentialAction\":[{\"@type\":\"SearchAction\",\"target\":{\"@type\":\"EntryPoint\",\"urlTemplate\":\"https:\/\/bodetechnicalservices.com\/?s={search_term_string}\"},\"query-input\":{\"@type\":\"PropertyValueSpecification\",\"valueRequired\":true,\"valueName\":\"search_term_string\"}}],\"inLanguage\":\"es-ES\"}]}<\/script>\n<!-- \/ Yoast SEO plugin. -->","yoast_head_json":{"title":"Celula Carga KMD PAT Hirschmann","description":"DESPACHOS A TODA LATINO AM\u00c9RICA DESDE USA","robots":{"index":"index","follow":"follow","max-snippet":"max-snippet:-1","max-image-preview":"max-image-preview:large","max-video-preview":"max-video-preview:-1"},"canonical":"https:\/\/bodetechnicalservices.com\/es\/celula-carga-kmd-pat-hirschmann\/","twitter_misc":{"Tiempo de lectura":"1 minute"},"schema":{"@context":"https:\/\/schema.org","@graph":[{"@type":"WebPage","@id":"https:\/\/bodetechnicalservices.com\/es\/celula-carga-kmd-pat-hirschmann\/","url":"https:\/\/bodetechnicalservices.com\/es\/celula-carga-kmd-pat-hirschmann\/","name":"Celula Carga KMD PAT Hirschmann","isPartOf":{"@id":"https:\/\/bodetechnicalservices.com\/#website"},"primaryImageOfPage":{"@id":"https:\/\/bodetechnicalservices.com\/es\/celula-carga-kmd-pat-hirschmann\/#primaryimage"},"image":{"@id":"https:\/\/bodetechnicalservices.com\/es\/celula-carga-kmd-pat-hirschmann\/#primaryimage"},"thumbnailUrl":"https:\/\/bodetechnicalservices.com\/wp-content\/uploads\/Celula-Carga-PAT-Hirschmann-BTS.png","datePublished":"2015-04-22T16:22:06+00:00","dateModified":"2015-04-22T17:06:09+00:00","description":"DESPACHOS A TODA LATINO AM\u00c9RICA DESDE USA","breadcrumb":{"@id":"https:\/\/bodetechnicalservices.com\/es\/celula-carga-kmd-pat-hirschmann\/#breadcrumb"},"inLanguage":"es-ES","potentialAction":[{"@type":"ReadAction","target":["https:\/\/bodetechnicalservices.com\/es\/celula-carga-kmd-pat-hirschmann\/"]}]},{"@type":"ImageObject","inLanguage":"es-ES","@id":"https:\/\/bodetechnicalservices.com\/es\/celula-carga-kmd-pat-hirschmann\/#primaryimage","url":"https:\/\/bodetechnicalservices.com\/wp-content\/uploads\/Celula-Carga-PAT-Hirschmann-BTS.png","contentUrl":"https:\/\/bodetechnicalservices.com\/wp-content\/uploads\/Celula-Carga-PAT-Hirschmann-BTS.png","width":736,"height":156,"caption":"Celula Carga KMD PAT Hirschmann"},{"@type":"BreadcrumbList","@id":"https:\/\/bodetechnicalservices.com\/es\/celula-carga-kmd-pat-hirschmann\/#breadcrumb","itemListElement":[{"@type":"ListItem","position":1,"name":"Home","item":"https:\/\/bodetechnicalservices.com\/"},{"@type":"ListItem","position":2,"name":"Celula Carga KMD PAT Hirschmann"}]},{"@type":"WebSite","@id":"https:\/\/bodetechnicalservices.com\/#website","url":"https:\/\/bodetechnicalservices.com\/","name":"BTS Crane","description":"Trimble LSI PAT Hirschmann Crane Parts","potentialAction":[{"@type":"SearchAction","target":{"@type":"EntryPoint","urlTemplate":"https:\/\/bodetechnicalservices.com\/?s={search_term_string}"},"query-input":{"@type":"PropertyValueSpecification","valueRequired":true,"valueName":"search_term_string"}}],"inLanguage":"es-ES"}]}},"_links":{"self":[{"href":"https:\/\/bodetechnicalservices.com\/es\/wp-json\/wp\/v2\/pages\/7892","targetHints":{"allow":["GET"]}}],"collection":[{"href":"https:\/\/bodetechnicalservices.com\/es\/wp-json\/wp\/v2\/pages"}],"about":[{"href":"https:\/\/bodetechnicalservices.com\/es\/wp-json\/wp\/v2\/types\/page"}],"author":[{"embeddable":true,"href":"https:\/\/bodetechnicalservices.com\/es\/wp-json\/wp\/v2\/users\/3"}],"replies":[{"embeddable":true,"href":"https:\/\/bodetechnicalservices.com\/es\/wp-json\/wp\/v2\/comments?post=7892"}],"version-history":[{"count":0,"href":"https:\/\/bodetechnicalservices.com\/es\/wp-json\/wp\/v2\/pages\/7892\/revisions"}],"wp:featuredmedia":[{"embeddable":true,"href":"https:\/\/bodetechnicalservices.com\/es\/wp-json\/wp\/v2\/media\/7893"}],"wp:attachment":[{"href":"https:\/\/bodetechnicalservices.com\/es\/wp-json\/wp\/v2\/media?parent=7892"}],"curies":[{"name":"wp","href":"https:\/\/api.w.org\/{rel}","templated":true}]}}