{"id":7456,"date":"2015-01-12T16:30:04","date_gmt":"2015-01-12T16:30:04","guid":{"rendered":"http:\/\/www.bodetechnicalservices.com\/?page_id=7456"},"modified":"2015-04-22T19:53:14","modified_gmt":"2015-04-22T19:53:14","slug":"piezas-de-grua-pat-hirschmann","status":"publish","type":"page","link":"https:\/\/bodetechnicalservices.com\/es\/piezas-de-grua-pat-hirschmann\/","title":{"rendered":"Piezas de gr\u00faa PAT Hirschmann"},"content":{"rendered":"<div class=\"one_third\">\n<p>&nbsp;<\/p>\n<p><img loading=\"lazy\" decoding=\"async\" class=\"aligncenter  wp-image-5060\" src=\"http:\/\/bodetechnicalservices.com\/wp-content\/uploads\/\/PAT-Hirschmann-Crane-Parts-300x65.jpg\" alt=\"PAT Hirschmann Crane Parts\" width=\"143\" height=\"31\" srcset=\"https:\/\/bodetechnicalservices.com\/wp-content\/uploads\/PAT-Hirschmann-Crane-Parts-300x65.jpg 300w, https:\/\/bodetechnicalservices.com\/wp-content\/uploads\/PAT-Hirschmann-Crane-Parts.jpg 402w\" sizes=\"auto, (max-width: 143px) 100vw, 143px\" \/><\/div>\n<div class=\"two_third last\">BTS es el l\u00edder proveedor de piezas PAT Hirschmann a nivel global. Con miles de clientes en todo el mundo, puedes estar seguro de que nuestra red global de proveedores nos permite proporcionar piezas a precios econ\u00f3micos en todo el mundo. Cont\u00e1ctanos de forma gratuita desde los Estados Unidos en el <strong>855.BODE.TEC<\/strong>, o desde cualquier parte del mundo en el <strong>+1.303.433.8878<\/strong><\/div><div class=\"clearboth\"><\/div>\n<h1>Ofrecemos miles de piezas de gr\u00faa PAT Hirschmann<\/h1>\n<p style=\"text-align: center;\"><div class=\"one_fourth\">\n<p style=\"text-align: center;\"><a title=\"A2B Final de Carrera PAT Hirschmann\" href=\"https:\/\/bodetechnicalservices.com\/es\/a2b-final-de-carrera-pat-hirschmann\/\" target=\"_blank\"><img loading=\"lazy\" decoding=\"async\" class=\"aligncenter wp-image-5029\" src=\"http:\/\/bodetechnicalservices.com\/wp-content\/uploads\/\/BTS_Hir_A2B11-300x225.jpg\" alt=\"BTS_Hir_A2B(1)\" width=\"131\" height=\"98\" srcset=\"https:\/\/bodetechnicalservices.com\/wp-content\/uploads\/BTS_Hir_A2B11-300x225.jpg 300w, https:\/\/bodetechnicalservices.com\/wp-content\/uploads\/BTS_Hir_A2B11.jpg 640w\" sizes=\"auto, (max-width: 131px) 100vw, 131px\" \/>A2B Final de Carrera<\/a><\/p>\n<p style=\"text-align: center;\"><\/div>\n<div class=\"one_fourth\"> <a title=\"Carrete de Cable PAT Hirschmann\" href=\"https:\/\/bodetechnicalservices.com\/es\/carrete-de-cable-pat-hirschmann\/\" target=\"_blank\"><img loading=\"lazy\" decoding=\"async\" class=\"aligncenter wp-image-4986\" src=\"http:\/\/bodetechnicalservices.com\/wp-content\/uploads\/\/BTS_Hir_CableReel1-300x219.jpg\" alt=\"BTS_Hir_CableReel\" width=\"131\" height=\"96\" srcset=\"https:\/\/bodetechnicalservices.com\/wp-content\/uploads\/BTS_Hir_CableReel1-300x219.jpg 300w, https:\/\/bodetechnicalservices.com\/wp-content\/uploads\/BTS_Hir_CableReel1-220x161.jpg 220w, https:\/\/bodetechnicalservices.com\/wp-content\/uploads\/BTS_Hir_CableReel1.jpg 639w\" sizes=\"auto, (max-width: 131px) 100vw, 131px\" \/><\/a><a title=\"Carrete de Cable PAT Hirschmann\" href=\"https:\/\/bodetechnicalservices.com\/es\/carrete-de-cable-pat-hirschmann\/\" target=\"_blank\">Carrate de Cable Hirschman<br \/>\n<\/a><\/div>\n<div class=\"one_fourth\"><a title=\"PAT Hirschmann Maestro\" href=\"https:\/\/bodetechnicalservices.com\/es\/hirschmann-maestro\/\" target=\"_blank\"><img loading=\"lazy\" decoding=\"async\" class=\"aligncenter wp-image-4999\" src=\"http:\/\/bodetechnicalservices.com\/wp-content\/uploads\/Maestro_Image21.jpg\" alt=\"Maestro_Image2\" width=\"131\" height=\"96\" srcset=\"https:\/\/bodetechnicalservices.com\/wp-content\/uploads\/Maestro_Image21.jpg 263w, https:\/\/bodetechnicalservices.com\/wp-content\/uploads\/Maestro_Image21-220x161.jpg 220w\" sizes=\"auto, (max-width: 131px) 100vw, 131px\" \/><\/a> <a title=\"PAT Hirschmann Maestro\" href=\"https:\/\/bodetechnicalservices.com\/es\/hirschmann-maestro\/\" target=\"_blank\">Hirschmann Maestro<\/a><\/p>\n<p style=\"text-align: center;\"><\/div>\n<div class=\"one_fourth last\">\n<p style=\"text-align: center;\"><a title=\"PAT DS 350\" href=\"https:\/\/bodetechnicalservices.com\/pat-ds-350\/\" target=\"_blank\"><img loading=\"lazy\" decoding=\"async\" class=\"aligncenter wp-image-5331\" src=\"http:\/\/bodetechnicalservices.com\/wp-content\/uploads\/PAT-Hirschmann-DS350.jpg\" alt=\"PAT Hirschmann DS350\" width=\"131\" height=\"98\" \/><\/a><a title=\"PAT DS 350\" href=\"https:\/\/bodetechnicalservices.com\/pat-ds-350\/\" target=\"_blank\">PAT DS350<\/a><\/p>\n<p style=\"text-align: center;\"><\/div><div class=\"clearboth\"><\/div>\n<p style=\"text-align: center;\"><div class=\"one_fourth\"><a title=\"Actualice PAT DS50\" href=\"https:\/\/bodetechnicalservices.com\/es\/actualice-de-pat-ds50-en-gruas\/\" target=\"_blank\"><img loading=\"lazy\" decoding=\"async\" class=\"aligncenter wp-image-2524\" src=\"http:\/\/bodetechnicalservices.com\/wp-content\/uploads\/Maestro_Image.jpg\" alt=\"PAT Hirschmann DS 160\" width=\"131\" height=\"96\" \/><\/a><a title=\"Actualice PAT DS50\" href=\"https:\/\/bodetechnicalservices.com\/es\/actualice-de-pat-ds50-en-gruas\/\" target=\"_blank\">Actualice PAT DS50<\/a><\/p>\n<p style=\"text-align: center;\"><\/div>\n<div class=\"one_fourth\"><a title=\"PRS 40 EZ Velocidad Viento Y A2B\" href=\"https:\/\/bodetechnicalservices.com\/es\/prs-40-ez-velocidad-viento-pat-hirschmann\/\" target=\"_blank\"><img loading=\"lazy\" decoding=\"async\" class=\"aligncenter wp-image-5330\" src=\"http:\/\/bodetechnicalservices.com\/wp-content\/uploads\/PAT-Hirschmann-PRS-40.jpg\" alt=\"PAT Hirschmann PRS 40\" width=\"131\" height=\"98\" \/><\/a><a title=\"PRS 40 EZ Velocidad Viento y A2B\" href=\"https:\/\/bodetechnicalservices.com\/es\/prs-40-ez-velocidad-viento-pat-hirschmann\/\" target=\"_blank\">PRS 40 Velocidad Viento Y A2B<\/a><\/p>\n<p style=\"text-align: center;\"><\/div>\n<div class=\"one_fourth\">\n<p style=\"text-align: center;\"><a title=\"Indicador de Momento de Carga Mark 4e2\" href=\"https:\/\/bodetechnicalservices.com\/es\/indicador-de-momento-de-carga-mark-4e2\/\" target=\"_blank\"><img loading=\"lazy\" decoding=\"async\" class=\"aligncenter wp-image-5011\" src=\"http:\/\/bodetechnicalservices.com\/wp-content\/uploads\/mk4e23.jpg\" alt=\"mk4e2(3)\" width=\"131\" height=\"96\" \/>Indicador Momento Carga Mark 4e2<\/a><\/p>\n<p style=\"text-align: center;\"><\/div>\n<div class=\"one_fourth last\">\n<p style=\"text-align: center;\"><a title=\"PAT DS 150\" href=\"https:\/\/bodetechnicalservices.com\/pat-ds-150\/\" target=\"_blank\"><img loading=\"lazy\" decoding=\"async\" class=\"aligncenter wp-image-5868\" src=\"http:\/\/bodetechnicalservices.com\/wp-content\/uploads\/PAT-DS-150-Thumbnail.jpg\" alt=\"PAT DS 150\" width=\"131\" height=\"98\" \/><\/a><a title=\"PAT DS 150\" href=\"https:\/\/bodetechnicalservices.com\/pat-ds-150\/\" target=\"_blank\">PAT DS 150<\/a><\/p>\n<p style=\"text-align: center;\"><\/div><div class=\"clearboth\"><\/div><div class=\"one_fourth\">\n<p style=\"text-align: center;\"><a title=\"PAT PRS 145\" href=\"https:\/\/bodetechnicalservices.com\/pat-hirschmann-prs-145-lmi\/\" target=\"_blank\"><img loading=\"lazy\" decoding=\"async\" class=\"aligncenter wp-image-5873\" src=\"http:\/\/bodetechnicalservices.com\/wp-content\/uploads\/PAT-PRS-145-Thumbnail.jpg\" alt=\"PAT PRS 145\" width=\"131\" height=\"98\" \/><\/a><a title=\"PAT PRS 145\" href=\"https:\/\/bodetechnicalservices.com\/pat-hirschmann-prs-145-lmi\/\" target=\"_blank\">PAT PRS 145<\/a><\/p>\n<p style=\"text-align: center;\"><\/div><div class=\"one_fourth\">\n<p style=\"text-align: center;\"><a title=\"Celula Carga KMD PAT Hirschmann\" href=\"https:\/\/bodetechnicalservices.com\/es\/celula-carga-kmd-pat-hirschmann\/\" target=\"_blank\"><img loading=\"lazy\" decoding=\"async\" class=\"aligncenter wp-image-7073\" src=\"http:\/\/bodetechnicalservices.com\/wp-content\/uploads\/\/PAT-Hirschmann-Load-Cell-300x220.jpg\" alt=\"PAT Hirschmann Load Cell\" width=\"131\" height=\"96\" srcset=\"https:\/\/bodetechnicalservices.com\/wp-content\/uploads\/PAT-Hirschmann-Load-Cell-300x220.jpg 300w, https:\/\/bodetechnicalservices.com\/wp-content\/uploads\/PAT-Hirschmann-Load-Cell-220x161.jpg 220w, https:\/\/bodetechnicalservices.com\/wp-content\/uploads\/PAT-Hirschmann-Load-Cell.jpg 638w\" sizes=\"auto, (max-width: 131px) 100vw, 131px\" \/><\/a><\/p>\n<p style=\"text-align: center;\"><a title=\"Celula Carga PAT Hirschmann\" href=\"https:\/\/bodetechnicalservices.com\/es\/celula-carga-kmd-pat-hirschmann\/\" target=\"_blank\">Celula Carga KMD<\/a><\/p>\n<p style=\"text-align: center;\"><\/div>\n<p style=\"text-align: center;\"><div class=\"one_fourth\">\n<p style=\"text-align: center;\"><\/div>\n<div class=\"one_fourth last\">\n<p style=\"text-align: center;\"><\/div><div class=\"clearboth\"><\/div>\n<h2 style=\"text-align: center;\">Typical PAT Hirschmann Crane Parts Layout<\/h2>\n<p style=\"text-align: center;\"><img loading=\"lazy\" decoding=\"async\" class=\"aligncenter wp-image-5874 size-full\" src=\"http:\/\/bodetechnicalservices.com\/wp-content\/uploads\/PAT-Hirschmann-Parts-Diagram.jpg\" alt=\"PAT Hirschmann Parts Diagram\" width=\"792\" height=\"606\" srcset=\"https:\/\/bodetechnicalservices.com\/wp-content\/uploads\/PAT-Hirschmann-Parts-Diagram.jpg 792w, https:\/\/bodetechnicalservices.com\/wp-content\/uploads\/PAT-Hirschmann-Parts-Diagram-300x229.jpg 300w, https:\/\/bodetechnicalservices.com\/wp-content\/uploads\/PAT-Hirschmann-Parts-Diagram-180x138.jpg 180w\" sizes=\"auto, (max-width: 792px) 100vw, 792px\" \/><\/p>\n<p>&nbsp;<\/p>\n<h2>Piezas de gr\u00faa PAT Hirschmann Descripci\u00f3n corta<\/h2>\n<h3><a title=\"PAT Hirschmann DS 160\" href=\"http:\/\/bodetechnical.dev1.p80w.com\/pat-hirschmann-ds-160\" target=\"_blank\">Hirschmann DS 160<\/a><\/h3>\n<ul>\n<li>Sin recalibraci\u00f3n<\/li>\n<li>Muestra la carga verdadera y la permitida, largura del brazo, \u00e1ngulo del brazo y radio de carga Usa los componentes existentes del brazo<\/li>\n<li>La barra gr\u00e1fica integrada ofrece una referencia r\u00e1pida de la utilizaci\u00f3n de la gr\u00faa Consola e instalaci\u00f3n f\u00e1ciles de usar<\/li>\n<li>Cumple con los requisitos de SAE y ANSI B-30.5<\/li>\n<\/ul>\n<h3><a title=\"Hirschmann Maestro LMI\" href=\"https:\/\/bodetechnicalservices.com\/es\/ds350g_gw-service-and-troubleshooting-3\/\" target=\"_blank\">Hirschmann Maestro<\/a><\/h3>\n<ul>\n<li>La informaci\u00f3n existente y las funciones probadas se acoplan al nuevo sistema mientras que los niveles aplicables en el momento simplemente se retienen.<\/li>\n<li>No se pierde informaci\u00f3n y no hay necesidad de reprogramar y reajustar la gr\u00faa, con la p\u00e9rdida de tiempo que esto conlleva.<\/li>\n<li>Los sensores se pueden resetear directamente a trav\u00e9s de la consola, haciendo que no haya necesidad de utilizar ning\u00fan equipo especial.<\/li>\n<li>El cableado y el sensor de la largura\/\u00e1ngulo del viejo equipo, as\u00ed como el interruptor A2B (anti-two block), por lo general se pueden reutilizar.<\/li>\n<\/ul>\n<h3><a title=\"PAT Hirschmann Mark 4E2\" href=\"https:\/\/bodetechnicalservices.com\/es\/piezas-de-grua\/demag-logo2-5\/\" target=\"_blank\">Hirschmann Mark 4E2<\/a><\/h3>\n<p>Calibraci\u00f3n r\u00e1pida y f\u00e1cil- El software exclusivo de calibraci\u00f3n AccuCalTM permite la calibraci\u00f3n a trav\u00e9s de la consola con la ayuda de tu vendedor local. No hace falta ni m\u00e1s personal ni otros dispositivos. El programa utiliza un c\u00f3digo que proh\u00edbe el acceso a personal no autorizado.<\/p>\n<p>Mide la carga real en el momento- Midiendo la carga real en el momento, el PRS 145 percibe la operaci\u00f3n del brazo, el movimiento hacia afuera de la carga, la carga del viento, la carga de choque, y los efectos de la deflexi\u00f3n del brazo. Los transductores de presi\u00f3n en los cilindros de elevaci\u00f3n del brazo telesc\u00f3pico de las gr\u00faas se usan para medir la carga en el momento.<\/p>\n<p>Pantalla digital LCD- Letra grande y un LCD super doblado- iluminado para uso nocturno, dan al operador una visi\u00f3n clara desde todos los \u00e1ngulos. La barra de luz integrada provee una referencia r\u00e1pida para el uso de la gr\u00faa.<\/p>\n<p>Anti-Two-Block- Un interruptor especial de l\u00edmite del levantamiento hace sonar una alarma y muestra una advertencia visual si hay una condici\u00f3n de dos bloques (two block). Funci\u00f3n de apague de la palanca de control. Cuando el sistema LMI percibe una sobrecarga o un inminente problema de dos bloques, el PRS 145 ofrece una se\u00f1al que se puede usar para activar un apague opcional de la palanca que anula la subida del telescopio y la bajada y movimiento hacia fuera del brazo.<\/p>\n<p>Auto-diagn\u00f3stico- Supervisa continuamente el sistema y sus sensores. Los c\u00f3digos de error aparecen para ayudar a identificar problemas y minimizar el tiempo de paro.<\/p>\n<h3><a title=\"PAT Hirschmann PRS 40\" href=\"http:\/\/bodetechnical.dev1.p80w.com\/pat-hirschmann-prs-40-ez\" target=\"_blank\">Hirschmann PRS 40 EZ<\/a><\/h3>\n<p>El Hirschmann PRS 40 incorpora tecnolog\u00eda de sensores acoplados y sin cables probados en el mundo real. El interruptor anti-two block (A2B) se usa en este momento en toda la industria, en miles de gr\u00faas m\u00f3viles. Todos los dispositivos electr\u00f3nicos est\u00e1n sellados y cerrados, lo que crea un interruptor robusto y duradero. La carga se mide con una precisi\u00f3n de m\u00e1s de un 1%, en las aplicaciones acopladas y las sin cable. En las aplicaciones sin cables se usa una bater\u00eda de carga de 15 o 45K, que se puede instalar f\u00e1cilmente en la bola de la gr\u00faa o en la parte sin salida del brazo. En las aplicaciones acopladas, el Hirschmann PRS40 incorpora un linerider (trazador de l\u00edneas). Los sensores del \u00e1ngulo Hirschmann tienen un dise\u00f1o compacto y duradero. El \u00e1ngulo del brazo de la gr\u00faa se mide con una precisi\u00f3n de+\/- 1\u00b0. El sensor de la velocidad del viento tiene tres cubos y est\u00e1 dise\u00f1ado para ser operado en ambientes adversos. El soporte r\u00e1pido de pedestal de pivote permite una instalaci\u00f3n r\u00e1pida y f\u00e1cil en aplicaciones fijas o m\u00f3viles.<\/p>\n<h3>Hirschmann PRS 80 EZ<\/h3>\n<p>El dise\u00f1o flexible del PRS 80 EZ permite supervisar una o varias entradas de sensores. Las entradas de sensores se muestran en una pantalla grande iluminada por detr\u00e1s, que es capaz de mostrar hasta siete sensores a la vez. El PRS 80 EZ utiliza la Tecnolog\u00eda del Espectro Ensanchado por Salto de Frecuencia (FHSS), que transmite en uno de los 25 canales diferentes para asegurar que la recepci\u00f3n de los datos sea precisa y consistente. FHSS tambi\u00e9n ofrece protecci\u00f3n adicional contra la interferencia propia de los lugares de trabajo.<\/p>\n<h3>Hirschmann PRS 145<\/h3>\n<p>El PRS 145 muestra una gama completa de informaci\u00f3n precisa en la cabina del operador. Dise\u00f1ado para su uso en gr\u00faas m\u00f3viles, el PRS 145 se instala y calibra con el gr\u00e1fico de carga de cada gr\u00faa- incluyendo la carga espec\u00edfica y l\u00edmites geom\u00e9tricos en la largura del brazo, \u00e1ngulo, y radio en operaci\u00f3n. El indicador de carga del momento PRS 145 da al operador la informaci\u00f3n necesaria para utilizar la capacidad de la gr\u00faa al m\u00e1ximo, a la vez que la mantiene dentro de los l\u00edmites de operaci\u00f3n de \u00e9sta.<\/p>\n<h3>Sensores sin cables Hirschmann<\/h3>\n<p>Todos los sensores sin cables Hirschmann utilizan el mismo transmisor, permitiendo un mantenimiento y operaci\u00f3n m\u00e1s f\u00e1ciles en el lugar de trabajo. Los sensores sin cables Hirschmann son completamente compatibles con los sensores PAT o Hirschmann existentes y son apropiados para muchas gr\u00faas diferentes.<\/p>\n","protected":false},"excerpt":{"rendered":"<p>Ofrecemos miles de piezas de gr\u00faa PAT Hirschmann Typical PAT Hirschmann Crane Parts Layout &nbsp; Piezas de gr\u00faa PAT Hirschmann Descripci\u00f3n corta Hirschmann DS 160 Sin recalibraci\u00f3n Muestra la carga verdadera y la permitida, largura del brazo, \u00e1ngulo del brazo y radio de carga Usa los componentes existentes del brazo La barra gr\u00e1fica integrada ofrece [&hellip;]<\/p>\n","protected":false},"author":3,"featured_media":0,"parent":0,"menu_order":0,"comment_status":"closed","ping_status":"closed","template":"","meta":{"_exactmetrics_skip_tracking":false,"_exactmetrics_sitenote_active":false,"_exactmetrics_sitenote_note":"","_exactmetrics_sitenote_category":0,"_monsterinsights_skip_tracking":false,"_monsterinsights_sitenote_active":false,"_monsterinsights_sitenote_note":"","_monsterinsights_sitenote_category":0,"footnotes":""},"class_list":["post-7456","page","type-page","status-publish","hentry"],"yoast_head":"<!-- This site is optimized with the Yoast SEO plugin v26.9 - https:\/\/yoast.com\/product\/yoast-seo-wordpress\/ -->\n<title>Piezas de gr\u00faa PAT Hirschmann - BTS Crane<\/title>\n<meta name=\"robots\" content=\"index, follow, max-snippet:-1, max-image-preview:large, max-video-preview:-1\" \/>\n<link rel=\"canonical\" href=\"https:\/\/bodetechnicalservices.com\/es\/piezas-de-grua-pat-hirschmann\/\" \/>\n<meta name=\"twitter:label1\" content=\"Tiempo de lectura\" \/>\n\t<meta name=\"twitter:data1\" content=\"6 minutes\" \/>\n<script type=\"application\/ld+json\" class=\"yoast-schema-graph\">{\"@context\":\"https:\/\/schema.org\",\"@graph\":[{\"@type\":\"WebPage\",\"@id\":\"https:\/\/bodetechnicalservices.com\/es\/piezas-de-grua-pat-hirschmann\/\",\"url\":\"https:\/\/bodetechnicalservices.com\/es\/piezas-de-grua-pat-hirschmann\/\",\"name\":\"Piezas de gr\u00faa PAT Hirschmann - BTS Crane\",\"isPartOf\":{\"@id\":\"https:\/\/bodetechnicalservices.com\/#website\"},\"primaryImageOfPage\":{\"@id\":\"https:\/\/bodetechnicalservices.com\/es\/piezas-de-grua-pat-hirschmann\/#primaryimage\"},\"image\":{\"@id\":\"https:\/\/bodetechnicalservices.com\/es\/piezas-de-grua-pat-hirschmann\/#primaryimage\"},\"thumbnailUrl\":\"http:\/\/bodetechnicalservices.com\/wp-content\/uploads\/\/PAT-Hirschmann-Crane-Parts-300x65.jpg\",\"datePublished\":\"2015-01-12T16:30:04+00:00\",\"dateModified\":\"2015-04-22T19:53:14+00:00\",\"breadcrumb\":{\"@id\":\"https:\/\/bodetechnicalservices.com\/es\/piezas-de-grua-pat-hirschmann\/#breadcrumb\"},\"inLanguage\":\"es-ES\",\"potentialAction\":[{\"@type\":\"ReadAction\",\"target\":[\"https:\/\/bodetechnicalservices.com\/es\/piezas-de-grua-pat-hirschmann\/\"]}]},{\"@type\":\"ImageObject\",\"inLanguage\":\"es-ES\",\"@id\":\"https:\/\/bodetechnicalservices.com\/es\/piezas-de-grua-pat-hirschmann\/#primaryimage\",\"url\":\"http:\/\/bodetechnicalservices.com\/wp-content\/uploads\/\/PAT-Hirschmann-Crane-Parts-300x65.jpg\",\"contentUrl\":\"http:\/\/bodetechnicalservices.com\/wp-content\/uploads\/\/PAT-Hirschmann-Crane-Parts-300x65.jpg\"},{\"@type\":\"BreadcrumbList\",\"@id\":\"https:\/\/bodetechnicalservices.com\/es\/piezas-de-grua-pat-hirschmann\/#breadcrumb\",\"itemListElement\":[{\"@type\":\"ListItem\",\"position\":1,\"name\":\"Home\",\"item\":\"https:\/\/bodetechnicalservices.com\/\"},{\"@type\":\"ListItem\",\"position\":2,\"name\":\"Piezas de gr\u00faa PAT Hirschmann\"}]},{\"@type\":\"WebSite\",\"@id\":\"https:\/\/bodetechnicalservices.com\/#website\",\"url\":\"https:\/\/bodetechnicalservices.com\/\",\"name\":\"BTS Crane\",\"description\":\"Trimble LSI PAT Hirschmann Crane Parts\",\"potentialAction\":[{\"@type\":\"SearchAction\",\"target\":{\"@type\":\"EntryPoint\",\"urlTemplate\":\"https:\/\/bodetechnicalservices.com\/?s={search_term_string}\"},\"query-input\":{\"@type\":\"PropertyValueSpecification\",\"valueRequired\":true,\"valueName\":\"search_term_string\"}}],\"inLanguage\":\"es-ES\"}]}<\/script>\n<!-- \/ Yoast SEO plugin. -->","yoast_head_json":{"title":"Piezas de gr\u00faa PAT Hirschmann - BTS Crane","robots":{"index":"index","follow":"follow","max-snippet":"max-snippet:-1","max-image-preview":"max-image-preview:large","max-video-preview":"max-video-preview:-1"},"canonical":"https:\/\/bodetechnicalservices.com\/es\/piezas-de-grua-pat-hirschmann\/","twitter_misc":{"Tiempo de lectura":"6 minutes"},"schema":{"@context":"https:\/\/schema.org","@graph":[{"@type":"WebPage","@id":"https:\/\/bodetechnicalservices.com\/es\/piezas-de-grua-pat-hirschmann\/","url":"https:\/\/bodetechnicalservices.com\/es\/piezas-de-grua-pat-hirschmann\/","name":"Piezas de gr\u00faa PAT Hirschmann - BTS Crane","isPartOf":{"@id":"https:\/\/bodetechnicalservices.com\/#website"},"primaryImageOfPage":{"@id":"https:\/\/bodetechnicalservices.com\/es\/piezas-de-grua-pat-hirschmann\/#primaryimage"},"image":{"@id":"https:\/\/bodetechnicalservices.com\/es\/piezas-de-grua-pat-hirschmann\/#primaryimage"},"thumbnailUrl":"http:\/\/bodetechnicalservices.com\/wp-content\/uploads\/\/PAT-Hirschmann-Crane-Parts-300x65.jpg","datePublished":"2015-01-12T16:30:04+00:00","dateModified":"2015-04-22T19:53:14+00:00","breadcrumb":{"@id":"https:\/\/bodetechnicalservices.com\/es\/piezas-de-grua-pat-hirschmann\/#breadcrumb"},"inLanguage":"es-ES","potentialAction":[{"@type":"ReadAction","target":["https:\/\/bodetechnicalservices.com\/es\/piezas-de-grua-pat-hirschmann\/"]}]},{"@type":"ImageObject","inLanguage":"es-ES","@id":"https:\/\/bodetechnicalservices.com\/es\/piezas-de-grua-pat-hirschmann\/#primaryimage","url":"http:\/\/bodetechnicalservices.com\/wp-content\/uploads\/\/PAT-Hirschmann-Crane-Parts-300x65.jpg","contentUrl":"http:\/\/bodetechnicalservices.com\/wp-content\/uploads\/\/PAT-Hirschmann-Crane-Parts-300x65.jpg"},{"@type":"BreadcrumbList","@id":"https:\/\/bodetechnicalservices.com\/es\/piezas-de-grua-pat-hirschmann\/#breadcrumb","itemListElement":[{"@type":"ListItem","position":1,"name":"Home","item":"https:\/\/bodetechnicalservices.com\/"},{"@type":"ListItem","position":2,"name":"Piezas de gr\u00faa PAT Hirschmann"}]},{"@type":"WebSite","@id":"https:\/\/bodetechnicalservices.com\/#website","url":"https:\/\/bodetechnicalservices.com\/","name":"BTS Crane","description":"Trimble LSI PAT Hirschmann Crane Parts","potentialAction":[{"@type":"SearchAction","target":{"@type":"EntryPoint","urlTemplate":"https:\/\/bodetechnicalservices.com\/?s={search_term_string}"},"query-input":{"@type":"PropertyValueSpecification","valueRequired":true,"valueName":"search_term_string"}}],"inLanguage":"es-ES"}]}},"_links":{"self":[{"href":"https:\/\/bodetechnicalservices.com\/es\/wp-json\/wp\/v2\/pages\/7456","targetHints":{"allow":["GET"]}}],"collection":[{"href":"https:\/\/bodetechnicalservices.com\/es\/wp-json\/wp\/v2\/pages"}],"about":[{"href":"https:\/\/bodetechnicalservices.com\/es\/wp-json\/wp\/v2\/types\/page"}],"author":[{"embeddable":true,"href":"https:\/\/bodetechnicalservices.com\/es\/wp-json\/wp\/v2\/users\/3"}],"replies":[{"embeddable":true,"href":"https:\/\/bodetechnicalservices.com\/es\/wp-json\/wp\/v2\/comments?post=7456"}],"version-history":[{"count":1,"href":"https:\/\/bodetechnicalservices.com\/es\/wp-json\/wp\/v2\/pages\/7456\/revisions"}],"predecessor-version":[{"id":7544,"href":"https:\/\/bodetechnicalservices.com\/es\/wp-json\/wp\/v2\/pages\/7456\/revisions\/7544"}],"wp:attachment":[{"href":"https:\/\/bodetechnicalservices.com\/es\/wp-json\/wp\/v2\/media?parent=7456"}],"curies":[{"name":"wp","href":"https:\/\/api.w.org\/{rel}","templated":true}]}}