{"id":7452,"date":"2015-01-12T16:23:07","date_gmt":"2015-01-12T16:23:07","guid":{"rendered":"http:\/\/www.bodetechnicalservices.com\/?page_id=7452"},"modified":"2015-02-13T06:56:06","modified_gmt":"2015-02-13T06:56:06","slug":"servicio-tecnico-de-gruas","status":"publish","type":"page","link":"https:\/\/bodetechnicalservices.com\/es\/servicio-tecnico-de-gruas\/","title":{"rendered":"Servicio T\u00e9cnico de gr\u00faas"},"content":{"rendered":"<div class=\"one_third\"><img loading=\"lazy\" decoding=\"async\" class=\"aligncenter wp-image-5374\" src=\"http:\/\/bodetechnicalservices.com\/wp-content\/uploads\/\/PAT-Hirschmann-Error-Codes-1024x682.jpg\" alt=\"Crane Technical Support\" width=\"251\" height=\"167\" srcset=\"https:\/\/bodetechnicalservices.com\/wp-content\/uploads\/PAT-Hirschmann-Error-Codes-1024x682.jpg 1024w, https:\/\/bodetechnicalservices.com\/wp-content\/uploads\/PAT-Hirschmann-Error-Codes-300x200.jpg 300w\" sizes=\"auto, (max-width: 251px) 100vw, 251px\" \/><\/div>\n<div class=\"two_third last\">Nuestra pasi\u00f3n es ofrecerte un servicio t\u00e9cnico de gr\u00faas para cualquier problema con las partes electr\u00f3nicas de la gr\u00faa y el LMI (Indicador de momento de carga). Con m\u00e1s de 35 a\u00f1os de experiencia en la industria, hemos visto la mayor\u00eda de los problemas de gr\u00faa, y ya hemos encontrado una soluci\u00f3n. Ya sea un problema que te impide continuar trabajando, o simplemente una pregunta sobre mantenimiento, podemos ayudarte. Ll\u00e1manos de forma gratuita desde Estados Unidos al tel\u00e9fono <strong>855.BODE.TEC<\/strong>, o desde cualquier otra parte del mundo al <strong>+1.503.445.3902<\/strong>. <\/div><div class=\"clearboth\"><\/div>\n<h1>Informaci\u00f3n general sobre el servicio t\u00e9cnico de gr\u00faas<\/h1>\n<ul>\n<li><a href=\"http:\/\/www.bodetechnicalservices.com\/crane-technical-support\/crane-maintenance\" target=\"_blank\">Mantenimiento preventivo y revisiones de seguridad <\/a><\/li>\n<li><a title=\"Manitex DS 50 to DS 160 Upgrade\" href=\"http:\/\/www.bodetechnicalservices.com\/manitex-pat-ds-50-to-ds-160-upgrade\" target=\"_blank\">Actualiza tu Manitex DS50<\/a><\/li>\n<li><a title=\"PAT Hirschmann Error Code List\" href=\"http:\/\/www.bodetechnicalservices.com\/pat-hirschmann-error-codes\" target=\"_blank\">La lista de c\u00f3digos de errores PAT Hirschmann<\/a><\/li>\n<\/ul>\n<h2>LMI de gru\u00e1s &amp; manuales de sistemas de sobrecarga<\/h2>\n<ul>\n<li><a title=\"PAT Hirschmann DS350 Manuals\" href=\"http:\/\/www.bodetechnicalservices.com\/pat-hirschmann-ds-350-manuals\" target=\"_blank\">Manuales DS350 Pat Hirschmann<\/a><\/li>\n<li><a title=\"LMI Operator Manuals\" href=\"http:\/\/www.bodetechnicalservices.com\/crane-technical-support\/crane-operator-manual\" target=\"_blank\">Manuales de operadores (Pat Hirschmann)<\/a><\/li>\n<li><a title=\"PAT Hirschmann Service &amp; Troubleshooting Manuals\" href=\"Service &amp; Troubleshooting Manuals (PAT Hirschmann)\" target=\"_blank\">Manuales de servicio y resoluci\u00f3n de problemas (Pat Hirschmann)<\/a><\/li>\n<li><a href=\"http:\/\/www.bodetechnicalservices.com\/crane-technical-support\/crane-calibration-manual\" target=\"_blank\">Manuales de instalaci\u00f3n y calibraci\u00f3n (PAT Hirschmann)<\/a><\/li>\n<li><a href=\"http:\/\/www.bodetechnicalservices.com\/technical-support\/manuales-espanol\" target=\"_blank\">Manuales en espa\u00f1ol <\/a><\/li>\n<\/ul>\n<h2>Gr\u00e1ficos de carga de la gr\u00faa<\/h2>\n<ul>\n<li><a title=\"Grove Load Chart\" href=\"http:\/\/www.bodetechnicalservices.com\/grove-load-chart\" target=\"_blank\">Gr\u00e1ficos de carga y caracter\u00edsticas t\u00e9cnicas<\/a><\/li>\n<li><a title=\"Krupp Load Chart\" href=\"http:\/\/www.bodetechnicalservices.com\/krupp-load-chart\" target=\"_blank\">Gr\u00e1ficos de carga Krupp y caracter\u00edsticas t\u00e9cnicas<\/a><\/li>\n<li><a title=\"Demag Load Chart\" href=\"http:\/\/www.bodetechnicalservices.com\/demag-load-chart\" target=\"_blank\">Terex- Gr\u00e1fico de carga Demag y caracter\u00edsticas t\u00e9cnicas <\/a><\/li>\n<\/ul>\n<h2>Otros<\/h2>\n<ul>\n<li><a title=\"Parts List PDF\" href=\"http:\/\/www.bodetechnicalservices.com\/wp-content\/uploads\/PAT%20Hirschmann%20Parts%20List%20-%20Number.pdf\" target=\"_blank\">Lista de piezas AT-Hirschmann por n\u00famero (PDF)<\/a><\/li>\n<li><a title=\"Parts List PDF\" href=\"http:\/\/bodetechnical.com\/wp-content\/uploads\/PAT Hirschmann Parts List - Description.pdf\" target=\"_blank\">Lista de piezas AT-Hirschmann por descripci\u00f3n (PDF)<\/a><\/li>\n<\/ul>\n<h2><\/h2>\n<h2>Un poco m\u00e1s sobre el servicio t\u00e9cnico de gr\u00faas BTS<\/h2>\n<p>Un servicio de apoyo t\u00e9cnico y reparaciones de primera clase- El equipo de t\u00e9cnicos de reparaci\u00f3n de gr\u00faas BTS Tech\u2122 est\u00e1 muy orgulloso de estar compuesto por algunos de los t\u00e9cnicos de reparaci\u00f3n de gr\u00faas m\u00e1s efectivos y con m\u00e1s conocimientos. Con m\u00e1s de 35 a\u00f1os de experiencia en la industria de las gr\u00faas, ofrecemos expertas reparaciones de gr\u00faas, renovaciones, calibraci\u00f3n y servicios de piezas para las industrias de alquiler de gr\u00faas, aparejamiento, construcci\u00f3n y refiner\u00eda.<\/p>\n<p>Piezas de gr\u00faa de todo el mundo- El Servicio T\u00e9cnico Bode ha desarrollado una de las redes de piezas m\u00e1s grande del mundo, proveyendo piezas para todos los grandes fabricantes. Nuestro equipo de piezas puede traerlas de muchos distribuidores en diferentes pa\u00edses. D\u00e9janos hacer el trabajo a nosotros para ofrecerte el mejor precio y disponibilidad.<\/p>\n","protected":false},"excerpt":{"rendered":"<p>Informaci\u00f3n general sobre el servicio t\u00e9cnico de gr\u00faas Mantenimiento preventivo y revisiones de seguridad Actualiza tu Manitex DS50 La lista de c\u00f3digos de errores PAT Hirschmann LMI de gru\u00e1s &amp; manuales de sistemas de sobrecarga Manuales DS350 Pat Hirschmann Manuales de operadores (Pat Hirschmann) Manuales de servicio y resoluci\u00f3n de problemas (Pat Hirschmann) Manuales de [&hellip;]<\/p>\n","protected":false},"author":3,"featured_media":0,"parent":0,"menu_order":0,"comment_status":"open","ping_status":"closed","template":"","meta":{"_exactmetrics_skip_tracking":false,"_exactmetrics_sitenote_active":false,"_exactmetrics_sitenote_note":"","_exactmetrics_sitenote_category":0,"_monsterinsights_skip_tracking":false,"_monsterinsights_sitenote_active":false,"_monsterinsights_sitenote_note":"","_monsterinsights_sitenote_category":0,"footnotes":""},"class_list":["post-7452","page","type-page","status-publish","hentry"],"yoast_head":"<!-- This site is optimized with the Yoast SEO plugin v26.9 - https:\/\/yoast.com\/product\/yoast-seo-wordpress\/ -->\n<title>Servicio T\u00e9cnico de gr\u00faas - BTS Crane<\/title>\n<meta name=\"robots\" content=\"index, follow, max-snippet:-1, max-image-preview:large, max-video-preview:-1\" \/>\n<link rel=\"canonical\" href=\"https:\/\/bodetechnicalservices.com\/es\/servicio-tecnico-de-gruas\/\" \/>\n<meta name=\"twitter:label1\" content=\"Tiempo de lectura\" \/>\n\t<meta name=\"twitter:data1\" content=\"2 minutes\" \/>\n<script type=\"application\/ld+json\" class=\"yoast-schema-graph\">{\"@context\":\"https:\/\/schema.org\",\"@graph\":[{\"@type\":\"WebPage\",\"@id\":\"https:\/\/bodetechnicalservices.com\/es\/servicio-tecnico-de-gruas\/\",\"url\":\"https:\/\/bodetechnicalservices.com\/es\/servicio-tecnico-de-gruas\/\",\"name\":\"Servicio T\u00e9cnico de gr\u00faas - BTS Crane\",\"isPartOf\":{\"@id\":\"https:\/\/bodetechnicalservices.com\/#website\"},\"primaryImageOfPage\":{\"@id\":\"https:\/\/bodetechnicalservices.com\/es\/servicio-tecnico-de-gruas\/#primaryimage\"},\"image\":{\"@id\":\"https:\/\/bodetechnicalservices.com\/es\/servicio-tecnico-de-gruas\/#primaryimage\"},\"thumbnailUrl\":\"http:\/\/bodetechnicalservices.com\/wp-content\/uploads\/\/PAT-Hirschmann-Error-Codes-1024x682.jpg\",\"datePublished\":\"2015-01-12T16:23:07+00:00\",\"dateModified\":\"2015-02-13T06:56:06+00:00\",\"breadcrumb\":{\"@id\":\"https:\/\/bodetechnicalservices.com\/es\/servicio-tecnico-de-gruas\/#breadcrumb\"},\"inLanguage\":\"es-ES\",\"potentialAction\":[{\"@type\":\"ReadAction\",\"target\":[\"https:\/\/bodetechnicalservices.com\/es\/servicio-tecnico-de-gruas\/\"]}]},{\"@type\":\"ImageObject\",\"inLanguage\":\"es-ES\",\"@id\":\"https:\/\/bodetechnicalservices.com\/es\/servicio-tecnico-de-gruas\/#primaryimage\",\"url\":\"http:\/\/bodetechnicalservices.com\/wp-content\/uploads\/\/PAT-Hirschmann-Error-Codes-1024x682.jpg\",\"contentUrl\":\"http:\/\/bodetechnicalservices.com\/wp-content\/uploads\/\/PAT-Hirschmann-Error-Codes-1024x682.jpg\"},{\"@type\":\"BreadcrumbList\",\"@id\":\"https:\/\/bodetechnicalservices.com\/es\/servicio-tecnico-de-gruas\/#breadcrumb\",\"itemListElement\":[{\"@type\":\"ListItem\",\"position\":1,\"name\":\"Home\",\"item\":\"https:\/\/bodetechnicalservices.com\/\"},{\"@type\":\"ListItem\",\"position\":2,\"name\":\"Servicio T\u00e9cnico de gr\u00faas\"}]},{\"@type\":\"WebSite\",\"@id\":\"https:\/\/bodetechnicalservices.com\/#website\",\"url\":\"https:\/\/bodetechnicalservices.com\/\",\"name\":\"BTS Crane\",\"description\":\"Trimble LSI PAT Hirschmann Crane Parts\",\"potentialAction\":[{\"@type\":\"SearchAction\",\"target\":{\"@type\":\"EntryPoint\",\"urlTemplate\":\"https:\/\/bodetechnicalservices.com\/?s={search_term_string}\"},\"query-input\":{\"@type\":\"PropertyValueSpecification\",\"valueRequired\":true,\"valueName\":\"search_term_string\"}}],\"inLanguage\":\"es-ES\"}]}<\/script>\n<!-- \/ Yoast SEO plugin. -->","yoast_head_json":{"title":"Servicio T\u00e9cnico de gr\u00faas - BTS Crane","robots":{"index":"index","follow":"follow","max-snippet":"max-snippet:-1","max-image-preview":"max-image-preview:large","max-video-preview":"max-video-preview:-1"},"canonical":"https:\/\/bodetechnicalservices.com\/es\/servicio-tecnico-de-gruas\/","twitter_misc":{"Tiempo de lectura":"2 minutes"},"schema":{"@context":"https:\/\/schema.org","@graph":[{"@type":"WebPage","@id":"https:\/\/bodetechnicalservices.com\/es\/servicio-tecnico-de-gruas\/","url":"https:\/\/bodetechnicalservices.com\/es\/servicio-tecnico-de-gruas\/","name":"Servicio T\u00e9cnico de gr\u00faas - BTS Crane","isPartOf":{"@id":"https:\/\/bodetechnicalservices.com\/#website"},"primaryImageOfPage":{"@id":"https:\/\/bodetechnicalservices.com\/es\/servicio-tecnico-de-gruas\/#primaryimage"},"image":{"@id":"https:\/\/bodetechnicalservices.com\/es\/servicio-tecnico-de-gruas\/#primaryimage"},"thumbnailUrl":"http:\/\/bodetechnicalservices.com\/wp-content\/uploads\/\/PAT-Hirschmann-Error-Codes-1024x682.jpg","datePublished":"2015-01-12T16:23:07+00:00","dateModified":"2015-02-13T06:56:06+00:00","breadcrumb":{"@id":"https:\/\/bodetechnicalservices.com\/es\/servicio-tecnico-de-gruas\/#breadcrumb"},"inLanguage":"es-ES","potentialAction":[{"@type":"ReadAction","target":["https:\/\/bodetechnicalservices.com\/es\/servicio-tecnico-de-gruas\/"]}]},{"@type":"ImageObject","inLanguage":"es-ES","@id":"https:\/\/bodetechnicalservices.com\/es\/servicio-tecnico-de-gruas\/#primaryimage","url":"http:\/\/bodetechnicalservices.com\/wp-content\/uploads\/\/PAT-Hirschmann-Error-Codes-1024x682.jpg","contentUrl":"http:\/\/bodetechnicalservices.com\/wp-content\/uploads\/\/PAT-Hirschmann-Error-Codes-1024x682.jpg"},{"@type":"BreadcrumbList","@id":"https:\/\/bodetechnicalservices.com\/es\/servicio-tecnico-de-gruas\/#breadcrumb","itemListElement":[{"@type":"ListItem","position":1,"name":"Home","item":"https:\/\/bodetechnicalservices.com\/"},{"@type":"ListItem","position":2,"name":"Servicio T\u00e9cnico de gr\u00faas"}]},{"@type":"WebSite","@id":"https:\/\/bodetechnicalservices.com\/#website","url":"https:\/\/bodetechnicalservices.com\/","name":"BTS Crane","description":"Trimble LSI PAT Hirschmann Crane Parts","potentialAction":[{"@type":"SearchAction","target":{"@type":"EntryPoint","urlTemplate":"https:\/\/bodetechnicalservices.com\/?s={search_term_string}"},"query-input":{"@type":"PropertyValueSpecification","valueRequired":true,"valueName":"search_term_string"}}],"inLanguage":"es-ES"}]}},"_links":{"self":[{"href":"https:\/\/bodetechnicalservices.com\/es\/wp-json\/wp\/v2\/pages\/7452","targetHints":{"allow":["GET"]}}],"collection":[{"href":"https:\/\/bodetechnicalservices.com\/es\/wp-json\/wp\/v2\/pages"}],"about":[{"href":"https:\/\/bodetechnicalservices.com\/es\/wp-json\/wp\/v2\/types\/page"}],"author":[{"embeddable":true,"href":"https:\/\/bodetechnicalservices.com\/es\/wp-json\/wp\/v2\/users\/3"}],"replies":[{"embeddable":true,"href":"https:\/\/bodetechnicalservices.com\/es\/wp-json\/wp\/v2\/comments?post=7452"}],"version-history":[{"count":1,"href":"https:\/\/bodetechnicalservices.com\/es\/wp-json\/wp\/v2\/pages\/7452\/revisions"}],"predecessor-version":[{"id":7549,"href":"https:\/\/bodetechnicalservices.com\/es\/wp-json\/wp\/v2\/pages\/7452\/revisions\/7549"}],"wp:attachment":[{"href":"https:\/\/bodetechnicalservices.com\/es\/wp-json\/wp\/v2\/media?parent=7452"}],"curies":[{"name":"wp","href":"https:\/\/api.w.org\/{rel}","templated":true}]}}