{"id":7451,"date":"2015-01-12T16:22:15","date_gmt":"2015-01-12T16:22:15","guid":{"rendered":"http:\/\/www.bodetechnicalservices.com\/?page_id=7451"},"modified":"2015-01-28T17:18:11","modified_gmt":"2015-01-28T17:18:11","slug":"reparacion-de-gruas","status":"publish","type":"page","link":"https:\/\/bodetechnicalservices.com\/es\/reparacion-de-gruas\/","title":{"rendered":"Reparaci\u00f3n de gr\u00faas"},"content":{"rendered":"<p>El equipo de t\u00e9cnicos de reparaci\u00f3n de gr\u00faas BTS Tech\u2122 est\u00e1 muy orgulloso de estar compuesto por algunos de los t\u00e9cnicos de reparaci\u00f3n de gr\u00faas m\u00e1s efectivos y con m\u00e1s conocimientos. Con m\u00e1s de 35 a\u00f1os de experiencia en la industria de las gr\u00faas, ofrecemos reparaciones de gr\u00faas expertas, renovaciones, calibraci\u00f3n y servicios de partes para las industrias de alquiler de gr\u00faas, aparejamiento, construcci\u00f3n y refiner\u00eda. Ll\u00e1manos de forma gratuita desde Estados Unidos al tel\u00e9fono <strong>855.BODE.TEC<\/strong>, o desde cualquier otra parte del mundo al <strong>+1.303.433.8878<\/strong>.<\/p>\n","protected":false},"excerpt":{"rendered":"<p>El equipo de t\u00e9cnicos de reparaci\u00f3n de gr\u00faas BTS Tech\u2122 est\u00e1 muy orgulloso de estar compuesto por algunos de los t\u00e9cnicos de reparaci\u00f3n de gr\u00faas m\u00e1s efectivos y con m\u00e1s conocimientos. Con m\u00e1s de 35 a\u00f1os de experiencia en la industria de las gr\u00faas, ofrecemos reparaciones de gr\u00faas expertas, renovaciones, calibraci\u00f3n y servicios de partes [&hellip;]<\/p>\n","protected":false},"author":3,"featured_media":0,"parent":0,"menu_order":0,"comment_status":"closed","ping_status":"closed","template":"portfolio-four-column-text.php","meta":{"_exactmetrics_skip_tracking":false,"_exactmetrics_sitenote_active":false,"_exactmetrics_sitenote_note":"","_exactmetrics_sitenote_category":0,"_monsterinsights_skip_tracking":false,"_monsterinsights_sitenote_active":false,"_monsterinsights_sitenote_note":"","_monsterinsights_sitenote_category":0,"footnotes":""},"class_list":["post-7451","page","type-page","status-publish","hentry"],"yoast_head":"<!-- This site is optimized with the Yoast SEO plugin v26.9 - https:\/\/yoast.com\/product\/yoast-seo-wordpress\/ -->\n<title>Reparaci\u00f3n de gr\u00faas - BTS Crane<\/title>\n<meta name=\"robots\" content=\"index, follow, max-snippet:-1, max-image-preview:large, max-video-preview:-1\" \/>\n<link rel=\"canonical\" href=\"https:\/\/bodetechnicalservices.com\/es\/reparacion-de-gruas\/\" \/>\n<meta name=\"twitter:label1\" content=\"Tiempo de lectura\" \/>\n\t<meta name=\"twitter:data1\" content=\"1 minute\" \/>\n<script type=\"application\/ld+json\" class=\"yoast-schema-graph\">{\"@context\":\"https:\/\/schema.org\",\"@graph\":[{\"@type\":\"WebPage\",\"@id\":\"https:\/\/bodetechnicalservices.com\/es\/reparacion-de-gruas\/\",\"url\":\"https:\/\/bodetechnicalservices.com\/es\/reparacion-de-gruas\/\",\"name\":\"Reparaci\u00f3n de gr\u00faas - BTS Crane\",\"isPartOf\":{\"@id\":\"https:\/\/bodetechnicalservices.com\/#website\"},\"datePublished\":\"2015-01-12T16:22:15+00:00\",\"dateModified\":\"2015-01-28T17:18:11+00:00\",\"breadcrumb\":{\"@id\":\"https:\/\/bodetechnicalservices.com\/es\/reparacion-de-gruas\/#breadcrumb\"},\"inLanguage\":\"es-ES\",\"potentialAction\":[{\"@type\":\"ReadAction\",\"target\":[\"https:\/\/bodetechnicalservices.com\/es\/reparacion-de-gruas\/\"]}]},{\"@type\":\"BreadcrumbList\",\"@id\":\"https:\/\/bodetechnicalservices.com\/es\/reparacion-de-gruas\/#breadcrumb\",\"itemListElement\":[{\"@type\":\"ListItem\",\"position\":1,\"name\":\"Home\",\"item\":\"https:\/\/bodetechnicalservices.com\/\"},{\"@type\":\"ListItem\",\"position\":2,\"name\":\"Reparaci\u00f3n de gr\u00faas\"}]},{\"@type\":\"WebSite\",\"@id\":\"https:\/\/bodetechnicalservices.com\/#website\",\"url\":\"https:\/\/bodetechnicalservices.com\/\",\"name\":\"BTS Crane\",\"description\":\"Trimble LSI PAT Hirschmann Crane Parts\",\"potentialAction\":[{\"@type\":\"SearchAction\",\"target\":{\"@type\":\"EntryPoint\",\"urlTemplate\":\"https:\/\/bodetechnicalservices.com\/?s={search_term_string}\"},\"query-input\":{\"@type\":\"PropertyValueSpecification\",\"valueRequired\":true,\"valueName\":\"search_term_string\"}}],\"inLanguage\":\"es-ES\"}]}<\/script>\n<!-- \/ Yoast SEO plugin. -->","yoast_head_json":{"title":"Reparaci\u00f3n de gr\u00faas - BTS Crane","robots":{"index":"index","follow":"follow","max-snippet":"max-snippet:-1","max-image-preview":"max-image-preview:large","max-video-preview":"max-video-preview:-1"},"canonical":"https:\/\/bodetechnicalservices.com\/es\/reparacion-de-gruas\/","twitter_misc":{"Tiempo de lectura":"1 minute"},"schema":{"@context":"https:\/\/schema.org","@graph":[{"@type":"WebPage","@id":"https:\/\/bodetechnicalservices.com\/es\/reparacion-de-gruas\/","url":"https:\/\/bodetechnicalservices.com\/es\/reparacion-de-gruas\/","name":"Reparaci\u00f3n de gr\u00faas - BTS Crane","isPartOf":{"@id":"https:\/\/bodetechnicalservices.com\/#website"},"datePublished":"2015-01-12T16:22:15+00:00","dateModified":"2015-01-28T17:18:11+00:00","breadcrumb":{"@id":"https:\/\/bodetechnicalservices.com\/es\/reparacion-de-gruas\/#breadcrumb"},"inLanguage":"es-ES","potentialAction":[{"@type":"ReadAction","target":["https:\/\/bodetechnicalservices.com\/es\/reparacion-de-gruas\/"]}]},{"@type":"BreadcrumbList","@id":"https:\/\/bodetechnicalservices.com\/es\/reparacion-de-gruas\/#breadcrumb","itemListElement":[{"@type":"ListItem","position":1,"name":"Home","item":"https:\/\/bodetechnicalservices.com\/"},{"@type":"ListItem","position":2,"name":"Reparaci\u00f3n de gr\u00faas"}]},{"@type":"WebSite","@id":"https:\/\/bodetechnicalservices.com\/#website","url":"https:\/\/bodetechnicalservices.com\/","name":"BTS Crane","description":"Trimble LSI PAT Hirschmann Crane Parts","potentialAction":[{"@type":"SearchAction","target":{"@type":"EntryPoint","urlTemplate":"https:\/\/bodetechnicalservices.com\/?s={search_term_string}"},"query-input":{"@type":"PropertyValueSpecification","valueRequired":true,"valueName":"search_term_string"}}],"inLanguage":"es-ES"}]}},"_links":{"self":[{"href":"https:\/\/bodetechnicalservices.com\/es\/wp-json\/wp\/v2\/pages\/7451","targetHints":{"allow":["GET"]}}],"collection":[{"href":"https:\/\/bodetechnicalservices.com\/es\/wp-json\/wp\/v2\/pages"}],"about":[{"href":"https:\/\/bodetechnicalservices.com\/es\/wp-json\/wp\/v2\/types\/page"}],"author":[{"embeddable":true,"href":"https:\/\/bodetechnicalservices.com\/es\/wp-json\/wp\/v2\/users\/3"}],"replies":[{"embeddable":true,"href":"https:\/\/bodetechnicalservices.com\/es\/wp-json\/wp\/v2\/comments?post=7451"}],"version-history":[{"count":0,"href":"https:\/\/bodetechnicalservices.com\/es\/wp-json\/wp\/v2\/pages\/7451\/revisions"}],"wp:attachment":[{"href":"https:\/\/bodetechnicalservices.com\/es\/wp-json\/wp\/v2\/media?parent=7451"}],"curies":[{"name":"wp","href":"https:\/\/api.w.org\/{rel}","templated":true}]}}