{"id":7442,"date":"2015-01-12T16:14:04","date_gmt":"2015-01-12T16:14:04","guid":{"rendered":"http:\/\/www.bodetechnicalservices.com\/?page_id=7442"},"modified":"2015-02-12T09:23:44","modified_gmt":"2015-02-12T09:23:44","slug":"piezas-de-grua","status":"publish","type":"page","link":"https:\/\/bodetechnicalservices.com\/es\/piezas-de-grua\/","title":{"rendered":"Piezas de gr\u00faa"},"content":{"rendered":"<h1>Especializado en piezas electr\u00f3nicas de gr\u00faas<\/h1>\n<p style=\"text-align: left;\">Somos los l\u00edderes internacionales de la industria del mercado de piezas de gr\u00faa, especializ\u00e1ndonos en la venta de piezas electr\u00f3nicas, <a href=\"#\">indicadores del momento de carga<\/a>, indicadores de gr\u00faa sin cables, y <a href=\"#\">sistemas anti-two block<\/a>. El departamento BTS de piezas de gr\u00faas ofrece actualizaciones de f\u00e1brica del fabricante original del equipo para los sistemas de <a href=\"#\">indicadores de momento de carga<\/a>, y el <a href=\"#\">departamento del servicio<\/a> de gr\u00faas ofrece reparaciones, retro-adaptaciones, y servicio de gr\u00faas hecho a medida. Ll\u00e1manos de forma gratuita desde Estados Unidos al tel\u00e9fono <strong>855.BODE.TEC<\/strong>, o desde cualquier otra parte del mundo al <strong>+1.303.433.8878<\/strong>.<\/p>\n<p style=\"text-align: center;\"><div class=\"one_fourth\">\n<p style=\"text-align: center;\"><a title=\"PAT Hirschmann Crane Parts\" href=\"http:\/\/www.bodetechnicalservices.com\/pat-hirschmann-crane-parts\" target=\"_blank\"><img loading=\"lazy\" decoding=\"async\" class=\"alignnone wp-image-4959\" src=\"http:\/\/bodetechnical.com\/wp-content\/uploads\/Hirschmann4-300x65.jpg\" alt=\"PAT Hirschmann Crane Parts\" width=\"203\" height=\"44\" \/><\/a><\/p>\n<p style=\"text-align: center;\"><\/div>\n<div class=\"one_fourth\"><a title=\"Terex Crane Repair\" href=\"http:\/\/www.bodetechnicalservices.com\/crane-repair\" target=\"_blank\"><img loading=\"lazy\" decoding=\"async\" class=\"aligncenter wp-image-4966\" src=\"http:\/\/bodetechnical.com\/wp-content\/uploads\/Terex-logo.jpg\" alt=\"Terex-logo\" width=\"212\" height=\"63\" \/><\/a><\/div>\n<div class=\"one_fourth\"><a title=\"Demag Crane Repair\" href=\"http:\/\/www.bodetechnicalservices.com\/crane-repair\" target=\"_blank\"><img loading=\"lazy\" decoding=\"async\" class=\"aligncenter wp-image-4971\" src=\"http:\/\/bodetechnical.com\/wp-content\/uploads\/Demag-Logo2.gif\" alt=\"Demag Crane Parts\" width=\"200\" height=\"67\" \/><\/a><\/div>\n<div class=\"one_fourth last\"><a title=\"Krupp Crane Repair\" href=\"http:\/\/www.bodetechnicalservices.com\/crane-repair\" target=\"_blank\"><img loading=\"lazy\" decoding=\"async\" class=\"aligncenter wp-image-4994\" src=\"http:\/\/bodetechnical.com\/wp-content\/uploads\/Krupp-Logo1.gif\" alt=\"Krupp-Logo\" width=\"149\" height=\"31\" \/><\/a><\/div><div class=\"clearboth\"><\/div>\n<div class=\"one_fourth\"><a title=\"Grove Crane Repair\" href=\"http:\/\/www.bodetechnicalservices.com\/crane-repair\" target=\"_blank\"><img loading=\"lazy\" decoding=\"async\" class=\"aligncenter wp-image-4995\" src=\"http:\/\/bodetechnical.com\/wp-content\/uploads\/Grove-logo11.jpg\" alt=\"Grove-logo1\" width=\"162\" height=\"43\" srcset=\"https:\/\/bodetechnicalservices.com\/wp-content\/uploads\/Grove-logo11.jpg 181w, https:\/\/bodetechnicalservices.com\/wp-content\/uploads\/Grove-logo11-180x48.jpg 180w\" sizes=\"auto, (max-width: 162px) 100vw, 162px\" \/><\/a><\/div>\n<div class=\"one_fourth\"><a title=\"PAT Hirschmann Crane Parts\" href=\"http:\/\/www.bodetechnicalservices.com\/pat-hirschmann-crane-parts\" target=\"_blank\"><img loading=\"lazy\" decoding=\"async\" class=\"aligncenter wp-image-4996 size-full\" src=\"http:\/\/bodetechnical.com\/wp-content\/uploads\/Pat-Krueger1.jpg\" alt=\"Pat-Krueger Crane Parts\" width=\"87\" height=\"42\" \/><\/a><\/div>\n<div class=\"one_fourth\"><a title=\"LSI Wireless Crane Parts\" href=\"http:\/\/www.bodetechnicalservices.com\/crane-parts\/load-systems-international\" target=\"_blank\"><img loading=\"lazy\" decoding=\"async\" class=\"aligncenter wp-image-4997\" src=\"http:\/\/bodetechnical.com\/wp-content\/uploads\/lsi-logo5-300x1131.jpg\" alt=\"lsi-logo5-300x113\" width=\"125\" height=\"47\" \/><\/a><\/div>\n<div class=\"one_fourth last\"><img loading=\"lazy\" decoding=\"async\" class=\"aligncenter  wp-image-4998\" src=\"http:\/\/bodetechnical.com\/wp-content\/uploads\/Greer-Logo1.jpg\" alt=\"Greer-Logo\" width=\"83\" height=\"41\" \/><\/div><div class=\"clearboth\"><\/div>\n<p style=\"text-align: left;\">El Servicio T\u00e9cnico Bode ha desarrollado una de las redes de piezas m\u00e1s grandes del mundo, proveyendo piezas para todos los grandes fabricantes. Nuestro equipo de piezas puede traerlas de muchos distribuidores en diferentes pa\u00edses. D\u00e9janos hacer el trabajo a nosotros, para poder ofrecerte el mejor precio y disponibilidad.<\/p>\n<h2>Las piezas de gr\u00faa que est\u00e1n en mayor demanda<\/h2>\n<p style=\"text-align: center;\"><div class=\"one_third\"><a title=\"PAT Hirschmann Maestro\" href=\"https:\/\/bodetechnicalservices.com\/es\/hirschmann-maestro\/\" target=\"_blank\"><img loading=\"lazy\" decoding=\"async\" class=\"aligncenter wp-image-4956\" src=\"http:\/\/bodetechnical.com\/wp-content\/uploads\/Maestro_Image1.jpg\" alt=\"PAT Hirschmann Maestro\" width=\"142\" height=\"104\" srcset=\"https:\/\/bodetechnicalservices.com\/wp-content\/uploads\/Maestro_Image1.jpg 263w, https:\/\/bodetechnicalservices.com\/wp-content\/uploads\/Maestro_Image1-220x161.jpg 220w\" sizes=\"auto, (max-width: 142px) 100vw, 142px\" \/><\/a><\/div><div class=\"one_third\">\n<p style=\"text-align: center;\"><a title=\"LSI GS550 Wireless LMI\" href=\"http:\/\/www.bodetechnicalservices.com\/lsi-gs-550-wireless-display\" target=\"_blank\"><img loading=\"lazy\" decoding=\"async\" class=\"aligncenter wp-image-5222 size-full\" src=\"http:\/\/bodetechnical.com\/wp-content\/uploads\/LSI-Wireless-GS50-Display.jpg\" alt=\"LSI GS550 Wireless Display\" width=\"150\" height=\"113\" \/><\/a><\/div><div class=\"one_third last\"><a title=\"PAT Hirschmann Anti Two Block Switch\" href=\"http:\/\/www.bodetechnicalservices.com\/pat-hirschmann-anti-two-block-switch\" target=\"_blank\"><img loading=\"lazy\" decoding=\"async\" class=\"aligncenter\" title=\"PAT Hirschmann Anti Two Block Switch\" src=\"http:\/\/bodetechnical.com\/wp-content\/uploads\/BTS_Hir_A2B.jpg\" alt=\"pat hirschmann anti two block switch\" width=\"134\" height=\"98\" \/><\/a><\/div><div class=\"clearboth\"><\/div><div class=\"one_third\">\n<p style=\"text-align: center;\"><a title=\"PAT Hirschmann Maestro\" href=\"https:\/\/bodetechnicalservices.com\/es\/hirschmann-maestro\/\" target=\"_blank\">PAT Hirschmann Maestro<\/a><\/p>\n<p style=\"text-align: center;\"><\/div>\n<div class=\"one_third\">\n<p style=\"text-align: center;\"><a title=\"LSI GS550 Wireless LMI\" href=\"http:\/\/www.bodetechnicalservices.com\/lsi-gs-550-wireless-display\" target=\"_blank\">LSI GS550 LMI sin cables<\/a><\/p>\n<p style=\"text-align: center;\"><\/div>\n<div class=\"one_third last\">\n<p style=\"text-align: center;\"><a title=\"PAT Hirschmann Anti Two Block Switch\" href=\"http:\/\/www.bodetechnicalservices.com\/pat-hirschmann-anti-two-block-switch\" target=\"_blank\">PAT Hirschmann Anti Two Block<\/a><\/p>\n<p style=\"text-align: center;\"><\/div><div class=\"clearboth\"><\/div>\n<div class=\"one_third\"><a title=\"PAT Hirschmann Cable Reel\" href=\"https:\/\/bodetechnicalservices.com\/es\/carrete-de-cable-pat-hirschmann\/\" target=\"_blank\"><img loading=\"lazy\" decoding=\"async\" class=\"aligncenter wp-image-5224\" src=\"http:\/\/bodetechnical.com\/wp-content\/uploads\/PAT-Hirschmann-Cable-Reel.jpg\" alt=\"PAT Hirschmann Cable Rell\" width=\"142\" height=\"104\" srcset=\"https:\/\/bodetechnicalservices.com\/wp-content\/uploads\/PAT-Hirschmann-Cable-Reel.jpg 639w, https:\/\/bodetechnicalservices.com\/wp-content\/uploads\/PAT-Hirschmann-Cable-Reel-300x219.jpg 300w, https:\/\/bodetechnicalservices.com\/wp-content\/uploads\/PAT-Hirschmann-Cable-Reel-220x161.jpg 220w\" sizes=\"auto, (max-width: 142px) 100vw, 142px\" \/><\/a><\/div>\n<div class=\"one_third\"><a title=\"PAT Hirschmann Mark 4E2\" href=\"http:\/\/www.bodetechnicalservices.com\/pat-hirschmann-mark-4e2\" target=\"_blank\"><img loading=\"lazy\" decoding=\"async\" class=\"aligncenter wp-image-4981\" src=\"http:\/\/bodetechnical.com\/wp-content\/uploads\/mk4e221.jpg\" alt=\"mk4e22\" width=\"151\" height=\"110\" \/><\/a><\/div>\n<div class=\"one_third last\">\n<p><img loading=\"lazy\" decoding=\"async\" class=\"aligncenter wp-image-5225\" src=\"http:\/\/bodetechnical.com\/wp-content\/uploads\/PAT-Hirschmann-Pressure-Transducer.jpg\" alt=\"PAT Hirschmann Pressure Transducer\" width=\"143\" height=\"103\" srcset=\"https:\/\/bodetechnicalservices.com\/wp-content\/uploads\/PAT-Hirschmann-Pressure-Transducer.jpg 641w, https:\/\/bodetechnicalservices.com\/wp-content\/uploads\/PAT-Hirschmann-Pressure-Transducer-300x214.jpg 300w\" sizes=\"auto, (max-width: 143px) 100vw, 143px\" \/><\/p>\n<p style=\"text-align: center;\"><\/div><div class=\"clearboth\"><\/div>\n<div class=\"one_third\">\n<p style=\"text-align: center;\"><a title=\"PAT Hirschmann Cable Reel\" href=\"https:\/\/bodetechnicalservices.com\/es\/carrete-de-cable-pat-hirschmann\/\" target=\"_blank\">Carrete de cable PAT Hirschmann<\/a><\/p>\n<p style=\"text-align: center;\"><\/div>\n<div class=\"one_third\">\n<p style=\"text-align: center;\"><a title=\"PAT Hirschmann Mark 4E2\" href=\"http:\/\/www.bodetechnicalservices.com\/pat-hirschmann-mark-4e2\" target=\"_blank\">PAT Hirschmann Mark 4e2<\/a><\/p>\n<p style=\"text-align: center;\"><\/div>\n<div class=\"one_third last\">\n<p style=\"text-align: center;\">Transductor de presi\u00f3n PAT Hirschmann<\/p>\n<p style=\"text-align: center;\"><\/div><div class=\"clearboth\"><\/div>\n<div class=\"one_third\"><a title=\"PAT Hirschmann Angle Sensor\" href=\"http:\/\/www.bodetechnicalservices.com\/wp-content\/uploads\/PAT-Hirschmann-Angle-Sensor.jpg\" target=\"_blank\"><img loading=\"lazy\" decoding=\"async\" class=\"aligncenter wp-image-5228\" src=\"http:\/\/bodetechnical.com\/wp-content\/uploads\/PAT-Hirschmann-Angle-Sensor.jpg\" alt=\"PAT Hirschmann Angle Sensor\" width=\"142\" height=\"104\" srcset=\"https:\/\/bodetechnicalservices.com\/wp-content\/uploads\/PAT-Hirschmann-Angle-Sensor.jpg 641w, https:\/\/bodetechnicalservices.com\/wp-content\/uploads\/PAT-Hirschmann-Angle-Sensor-300x220.jpg 300w, https:\/\/bodetechnicalservices.com\/wp-content\/uploads\/PAT-Hirschmann-Angle-Sensor-220x161.jpg 220w\" sizes=\"auto, (max-width: 142px) 100vw, 142px\" \/><\/a><\/div>\n<div class=\"one_third\"><a title=\"LSI GS375 Anti Two Block Switch\" href=\"http:\/\/www.bodetechnicalservices.com\/lsi-gs-075-anti-two-block-switch\" target=\"_blank\"><img loading=\"lazy\" decoding=\"async\" class=\"aligncenter wp-image-5230\" src=\"http:\/\/bodetechnical.com\/wp-content\/uploads\/LSI-GS375-Wireless-Anti-Two-Block.png\" alt=\"LSI GS375 Wireless Anti Two Block\" width=\"104\" height=\"104\" srcset=\"https:\/\/bodetechnicalservices.com\/wp-content\/uploads\/LSI-GS375-Wireless-Anti-Two-Block.png 750w, https:\/\/bodetechnicalservices.com\/wp-content\/uploads\/LSI-GS375-Wireless-Anti-Two-Block-150x150.png 150w, https:\/\/bodetechnicalservices.com\/wp-content\/uploads\/LSI-GS375-Wireless-Anti-Two-Block-300x300.png 300w, https:\/\/bodetechnicalservices.com\/wp-content\/uploads\/LSI-GS375-Wireless-Anti-Two-Block-66x66.png 66w\" sizes=\"auto, (max-width: 104px) 100vw, 104px\" \/><\/a><\/div>\n<div class=\"one_third last\"><a title=\"PAT Hirschmann Load Cell\" href=\"http:\/\/www.bodetechnicalservices.com\/pat-hirschmann-load-cell\" target=\"_blank\"><img loading=\"lazy\" decoding=\"async\" class=\"aligncenter wp-image-5229\" src=\"http:\/\/bodetechnical.com\/wp-content\/uploads\/PAT-Hirschmann-Load-Cell.jpg\" alt=\"PAT Hirschmann Load Cell\" width=\"142\" height=\"104\" srcset=\"https:\/\/bodetechnicalservices.com\/wp-content\/uploads\/PAT-Hirschmann-Load-Cell.jpg 638w, https:\/\/bodetechnicalservices.com\/wp-content\/uploads\/PAT-Hirschmann-Load-Cell-300x220.jpg 300w, https:\/\/bodetechnicalservices.com\/wp-content\/uploads\/PAT-Hirschmann-Load-Cell-220x161.jpg 220w\" sizes=\"auto, (max-width: 142px) 100vw, 142px\" \/><\/a><\/div><div class=\"clearboth\"><\/div>\n<div class=\"one_third\">\n<p style=\"text-align: center;\"><a title=\"PAT Hirschmann Angle Sensor\" href=\"http:\/\/www.bodetechnicalservices.com\/wp-content\/uploads\/PAT-Hirschmann-Angle-Sensor.jpg\" target=\"_blank\">Sensor del \u00e1ngulo PAT Hirschmann<\/a><\/p>\n<p style=\"text-align: center;\"><\/div>\n<div class=\"one_third\">\n<p style=\"text-align: center;\"><a title=\"LSI GS375 Anti Two Block Switch\" href=\"http:\/\/www.bodetechnicalservices.com\/lsi-gs-075-anti-two-block-switch\" target=\"_blank\">LSI GS375 Anti Two Block<\/a><\/p>\n<p style=\"text-align: center;\"><\/div>\n<div class=\"one_third last\">\n<p style=\"text-align: center;\"><a title=\"PAT Hirschmann Load Cell\" href=\"http:\/\/www.bodetechnicalservices.com\/pat-hirschmann-load-cell\" target=\"_blank\">C\u00e9lula de carga PAT Hirschmann<\/a><\/p>\n<p style=\"text-align: center;\"><\/div><div class=\"clearboth\"><\/div>\n<p style=\"text-align: left;\">Ya sea para cambiar tu Viejo PAT DS350 por un nuevo sistema PAT Hirschmann Maestro, o para actualizarte con un sistema Sistema de Carga Internacional sin cables, o simplemente para arreglar el equipo que ya tienes, nosotros podemos ayudarte.<\/p>\n<p style=\"text-align: left;\">Para lo que necesites con respecto a piezas de gr\u00faa, haz \u00b4click\u00b4 en nuestro bot\u00f3n Presupuesto, o ll\u00e1manos al n\u00famero gratuito 855.BODE.TEC desde Estados Unidos, o desde cualquier otra parte del mundo al +1.503.445.3902.<\/p>\n<h3>Otras partes PAT Hirschmann<\/h3>\n<p><a title=\"PAT Hirschmann Crane Parts List\" href=\"http:\/\/bodetechnical.com\/wp-content\/uploads\/PAT%20Hirschmann%20Parts%20List%20-%20Number.pdf\" target=\"_blank\">Haz clic aqu\u00ed para m\u00e1s informaci\u00f3n sobre todas las otras piezas PAT Hirschmann que ofrecemos.<\/a><\/p>\n<p>&nbsp;<\/p>\n<h4><strong>Un poco sobre nosotros<\/strong><\/h4>\n<p>Con m\u00e1s de 35 a\u00f1os de experiencia en la industria de las gr\u00faas, Bode Technical Services ofrece reparaci\u00f3n experta de gr\u00faas, renovaciones, calibraci\u00f3n, y servicio de piezas para las industrias de alquiler de gr\u00faas, aparejamiento, construcci\u00f3n y refiner\u00eda.<\/p>\n<p>Tenemos una larga historia de liderazgo en la industria de la reparaci\u00f3n de gr\u00faas, una historia que se remonta a 35 a\u00f1os atr\u00e1s y que tiene lugar en dos continentes. A d\u00eda de hoy, tenemos nuestra base en Denver, Colorado, y nuestros t\u00e9cnicos y trabajadores son famosos por proporcionar los est\u00e1ndares m\u00e1s altos de la industria a nivel de conocimientos y servicio al cliente. De hecho, si tienes un sistema LMI (Indicador del momento de carga) en tu gr\u00faa, es muy probable que nuestro fundador, Walter Bode, ayudara a liderar uno de los equipos que lo dise\u00f1aron y construyeron.<\/p>\n<p>Estar\u00edamos encantados de hablar contigo y ver c\u00f3mo podemos ayudarte con tus necesidades a nivel de piezas de gr\u00faa.<\/p>\n","protected":false},"excerpt":{"rendered":"<p>Especializado en piezas electr\u00f3nicas de gr\u00faas Somos los l\u00edderes internacionales de la industria del mercado de piezas de gr\u00faa, especializ\u00e1ndonos en la venta de piezas electr\u00f3nicas, indicadores del momento de carga, indicadores de gr\u00faa sin cables, y sistemas anti-two block. El departamento BTS de piezas de gr\u00faas ofrece actualizaciones de f\u00e1brica del fabricante original del [&hellip;]<\/p>\n","protected":false},"author":3,"featured_media":0,"parent":0,"menu_order":0,"comment_status":"closed","ping_status":"closed","template":"","meta":{"_exactmetrics_skip_tracking":false,"_exactmetrics_sitenote_active":false,"_exactmetrics_sitenote_note":"","_exactmetrics_sitenote_category":0,"_monsterinsights_skip_tracking":false,"_monsterinsights_sitenote_active":false,"_monsterinsights_sitenote_note":"","_monsterinsights_sitenote_category":0,"footnotes":""},"class_list":["post-7442","page","type-page","status-publish","hentry"],"yoast_head":"<!-- This site is optimized with the Yoast SEO plugin v26.9 - https:\/\/yoast.com\/product\/yoast-seo-wordpress\/ -->\n<title>Piezas de gr\u00faa - BTS Crane<\/title>\n<meta name=\"robots\" content=\"index, follow, max-snippet:-1, max-image-preview:large, max-video-preview:-1\" \/>\n<link rel=\"canonical\" href=\"https:\/\/bodetechnicalservices.com\/es\/piezas-de-grua\/\" \/>\n<meta name=\"twitter:label1\" content=\"Tiempo de lectura\" \/>\n\t<meta name=\"twitter:data1\" content=\"3 minutes\" \/>\n<script type=\"application\/ld+json\" class=\"yoast-schema-graph\">{\"@context\":\"https:\/\/schema.org\",\"@graph\":[{\"@type\":\"WebPage\",\"@id\":\"https:\/\/bodetechnicalservices.com\/es\/piezas-de-grua\/\",\"url\":\"https:\/\/bodetechnicalservices.com\/es\/piezas-de-grua\/\",\"name\":\"Piezas de gr\u00faa - BTS Crane\",\"isPartOf\":{\"@id\":\"https:\/\/bodetechnicalservices.com\/#website\"},\"primaryImageOfPage\":{\"@id\":\"https:\/\/bodetechnicalservices.com\/es\/piezas-de-grua\/#primaryimage\"},\"image\":{\"@id\":\"https:\/\/bodetechnicalservices.com\/es\/piezas-de-grua\/#primaryimage\"},\"thumbnailUrl\":\"http:\/\/bodetechnical.com\/wp-content\/uploads\/Hirschmann4-300x65.jpg\",\"datePublished\":\"2015-01-12T16:14:04+00:00\",\"dateModified\":\"2015-02-12T09:23:44+00:00\",\"breadcrumb\":{\"@id\":\"https:\/\/bodetechnicalservices.com\/es\/piezas-de-grua\/#breadcrumb\"},\"inLanguage\":\"es-ES\",\"potentialAction\":[{\"@type\":\"ReadAction\",\"target\":[\"https:\/\/bodetechnicalservices.com\/es\/piezas-de-grua\/\"]}]},{\"@type\":\"ImageObject\",\"inLanguage\":\"es-ES\",\"@id\":\"https:\/\/bodetechnicalservices.com\/es\/piezas-de-grua\/#primaryimage\",\"url\":\"http:\/\/bodetechnical.com\/wp-content\/uploads\/Hirschmann4-300x65.jpg\",\"contentUrl\":\"http:\/\/bodetechnical.com\/wp-content\/uploads\/Hirschmann4-300x65.jpg\"},{\"@type\":\"BreadcrumbList\",\"@id\":\"https:\/\/bodetechnicalservices.com\/es\/piezas-de-grua\/#breadcrumb\",\"itemListElement\":[{\"@type\":\"ListItem\",\"position\":1,\"name\":\"Home\",\"item\":\"https:\/\/bodetechnicalservices.com\/\"},{\"@type\":\"ListItem\",\"position\":2,\"name\":\"Piezas de gr\u00faa\"}]},{\"@type\":\"WebSite\",\"@id\":\"https:\/\/bodetechnicalservices.com\/#website\",\"url\":\"https:\/\/bodetechnicalservices.com\/\",\"name\":\"BTS Crane\",\"description\":\"Trimble LSI PAT Hirschmann Crane Parts\",\"potentialAction\":[{\"@type\":\"SearchAction\",\"target\":{\"@type\":\"EntryPoint\",\"urlTemplate\":\"https:\/\/bodetechnicalservices.com\/?s={search_term_string}\"},\"query-input\":{\"@type\":\"PropertyValueSpecification\",\"valueRequired\":true,\"valueName\":\"search_term_string\"}}],\"inLanguage\":\"es-ES\"}]}<\/script>\n<!-- \/ Yoast SEO plugin. -->","yoast_head_json":{"title":"Piezas de gr\u00faa - BTS Crane","robots":{"index":"index","follow":"follow","max-snippet":"max-snippet:-1","max-image-preview":"max-image-preview:large","max-video-preview":"max-video-preview:-1"},"canonical":"https:\/\/bodetechnicalservices.com\/es\/piezas-de-grua\/","twitter_misc":{"Tiempo de lectura":"3 minutes"},"schema":{"@context":"https:\/\/schema.org","@graph":[{"@type":"WebPage","@id":"https:\/\/bodetechnicalservices.com\/es\/piezas-de-grua\/","url":"https:\/\/bodetechnicalservices.com\/es\/piezas-de-grua\/","name":"Piezas de gr\u00faa - BTS Crane","isPartOf":{"@id":"https:\/\/bodetechnicalservices.com\/#website"},"primaryImageOfPage":{"@id":"https:\/\/bodetechnicalservices.com\/es\/piezas-de-grua\/#primaryimage"},"image":{"@id":"https:\/\/bodetechnicalservices.com\/es\/piezas-de-grua\/#primaryimage"},"thumbnailUrl":"http:\/\/bodetechnical.com\/wp-content\/uploads\/Hirschmann4-300x65.jpg","datePublished":"2015-01-12T16:14:04+00:00","dateModified":"2015-02-12T09:23:44+00:00","breadcrumb":{"@id":"https:\/\/bodetechnicalservices.com\/es\/piezas-de-grua\/#breadcrumb"},"inLanguage":"es-ES","potentialAction":[{"@type":"ReadAction","target":["https:\/\/bodetechnicalservices.com\/es\/piezas-de-grua\/"]}]},{"@type":"ImageObject","inLanguage":"es-ES","@id":"https:\/\/bodetechnicalservices.com\/es\/piezas-de-grua\/#primaryimage","url":"http:\/\/bodetechnical.com\/wp-content\/uploads\/Hirschmann4-300x65.jpg","contentUrl":"http:\/\/bodetechnical.com\/wp-content\/uploads\/Hirschmann4-300x65.jpg"},{"@type":"BreadcrumbList","@id":"https:\/\/bodetechnicalservices.com\/es\/piezas-de-grua\/#breadcrumb","itemListElement":[{"@type":"ListItem","position":1,"name":"Home","item":"https:\/\/bodetechnicalservices.com\/"},{"@type":"ListItem","position":2,"name":"Piezas de gr\u00faa"}]},{"@type":"WebSite","@id":"https:\/\/bodetechnicalservices.com\/#website","url":"https:\/\/bodetechnicalservices.com\/","name":"BTS Crane","description":"Trimble LSI PAT Hirschmann Crane Parts","potentialAction":[{"@type":"SearchAction","target":{"@type":"EntryPoint","urlTemplate":"https:\/\/bodetechnicalservices.com\/?s={search_term_string}"},"query-input":{"@type":"PropertyValueSpecification","valueRequired":true,"valueName":"search_term_string"}}],"inLanguage":"es-ES"}]}},"_links":{"self":[{"href":"https:\/\/bodetechnicalservices.com\/es\/wp-json\/wp\/v2\/pages\/7442","targetHints":{"allow":["GET"]}}],"collection":[{"href":"https:\/\/bodetechnicalservices.com\/es\/wp-json\/wp\/v2\/pages"}],"about":[{"href":"https:\/\/bodetechnicalservices.com\/es\/wp-json\/wp\/v2\/types\/page"}],"author":[{"embeddable":true,"href":"https:\/\/bodetechnicalservices.com\/es\/wp-json\/wp\/v2\/users\/3"}],"replies":[{"embeddable":true,"href":"https:\/\/bodetechnicalservices.com\/es\/wp-json\/wp\/v2\/comments?post=7442"}],"version-history":[{"count":1,"href":"https:\/\/bodetechnicalservices.com\/es\/wp-json\/wp\/v2\/pages\/7442\/revisions"}],"predecessor-version":[{"id":7546,"href":"https:\/\/bodetechnicalservices.com\/es\/wp-json\/wp\/v2\/pages\/7442\/revisions\/7546"}],"wp:attachment":[{"href":"https:\/\/bodetechnicalservices.com\/es\/wp-json\/wp\/v2\/media?parent=7442"}],"curies":[{"name":"wp","href":"https:\/\/api.w.org\/{rel}","templated":true}]}}