{"id":7438,"date":"2015-01-12T16:06:24","date_gmt":"2015-01-12T16:06:24","guid":{"rendered":"http:\/\/www.bodetechnicalservices.com\/?page_id=7438"},"modified":"2015-03-06T18:12:32","modified_gmt":"2015-03-06T18:12:32","slug":"sobre-nosotros","status":"publish","type":"page","link":"https:\/\/bodetechnicalservices.com\/es\/sobre-nosotros\/","title":{"rendered":"Sobre Nosotros"},"content":{"rendered":"<h1>Servicio de Reparaci\u00f3n de primera clase<\/h1>\n<p>El equipo de t\u00e9cnicos de reparaci\u00f3n de gr\u00faas BTS Tech\u2122 est\u00e1 muy orgulloso de estar compuesto por algunos de los t\u00e9cnicos de reparaci\u00f3n de gr\u00faas m\u00e1s efectivos y con m\u00e1s conocimientos del mundo. Con m\u00e1s de 35 a\u00f1os de experiencia en la industria de las gr\u00faas, ofrecemos reparaciones de gr\u00faas expertas, renovaciones, calibraci\u00f3n, y servicios de piezas para las industrias de alquiler de gr\u00faas, de aparejamiento, de construcci\u00f3n y de refiner\u00eda.<\/p>\n<h2>Piezas de gr\u00faa de todo el mundo<\/h2>\n<p>Nos especializamos en la venta de partes electr\u00f3nicas de gr\u00faas, espec\u00edficamente Indicadores del Momento de Carga (LMIs), y sus componentes. BTS ha desarrollado una de las redes de piezas m\u00e1s grandes del mundo, proveyendo piezas de gr\u00faa para todos los grandes fabricantes. Nuestro equipo de piezas puede adquirirlas de diversos distribuidores en distintos pa\u00edses. Colaboramos activamente con los distribuidores de PAT Hirschmann y somos un vendedor global de piezas de Sistemas Internacionales de Carga (LSI).<\/p>\n<h2>Disponibilidad inmediata<\/h2>\n<p>Con oficinas en Colorado y Pensilvania, nuestros t\u00e9cnicos expertos est\u00e1n disponibles por tel\u00e9fono para ofrecer ayuda inmediata y pueden estar disponibles en cualquier parte del mundo en tan solo unas horas. Con clientes en todo el mundo, somos un recurso probado en lo que se refiere a problemas de gr\u00faas.<\/p>\n<h2>Ventajas para los clientes<\/h2>\n<p>Tener una relaci\u00f3n con BTS supone un recurso de por vida para responder a todas tus preguntas sobre piezas, ayudar con operaciones de servicio de gr\u00faas, y tener a tu disposici\u00f3n a los t\u00e9cnicos mejor cualificados del mundo si los necesitas. Trabajamos diligentemente para asegurarnos de que est\u00e9s sin trabajar el tiempo m\u00ednimo y tengas la m\u00e1xima seguridad en los levantamientos de gr\u00faa.<\/p>\n","protected":false},"excerpt":{"rendered":"<p>Servicio de Reparaci\u00f3n de primera clase El equipo de t\u00e9cnicos de reparaci\u00f3n de gr\u00faas BTS Tech\u2122 est\u00e1 muy orgulloso de estar compuesto por algunos de los t\u00e9cnicos de reparaci\u00f3n de gr\u00faas m\u00e1s efectivos y con m\u00e1s conocimientos del mundo. Con m\u00e1s de 35 a\u00f1os de experiencia en la industria de las gr\u00faas, ofrecemos reparaciones de [&hellip;]<\/p>\n","protected":false},"author":3,"featured_media":11058,"parent":0,"menu_order":0,"comment_status":"closed","ping_status":"open","template":"full-width.php","meta":{"_exactmetrics_skip_tracking":false,"_exactmetrics_sitenote_active":false,"_exactmetrics_sitenote_note":"","_exactmetrics_sitenote_category":0,"_monsterinsights_skip_tracking":false,"_monsterinsights_sitenote_active":false,"_monsterinsights_sitenote_note":"","_monsterinsights_sitenote_category":0,"footnotes":""},"class_list":["post-7438","page","type-page","status-publish","has-post-thumbnail","hentry"],"yoast_head":"<!-- This site is optimized with the Yoast SEO plugin v26.9 - https:\/\/yoast.com\/product\/yoast-seo-wordpress\/ -->\n<title>Sobre Nosotros - BTS Crane<\/title>\n<meta name=\"robots\" content=\"index, follow, max-snippet:-1, max-image-preview:large, max-video-preview:-1\" \/>\n<link rel=\"canonical\" href=\"https:\/\/bodetechnicalservices.com\/es\/sobre-nosotros\/\" \/>\n<meta name=\"twitter:label1\" content=\"Tiempo de lectura\" \/>\n\t<meta name=\"twitter:data1\" content=\"2 minutes\" \/>\n<script type=\"application\/ld+json\" class=\"yoast-schema-graph\">{\"@context\":\"https:\/\/schema.org\",\"@graph\":[{\"@type\":\"WebPage\",\"@id\":\"https:\/\/bodetechnicalservices.com\/es\/sobre-nosotros\/\",\"url\":\"https:\/\/bodetechnicalservices.com\/es\/sobre-nosotros\/\",\"name\":\"Sobre Nosotros - BTS Crane\",\"isPartOf\":{\"@id\":\"https:\/\/bodetechnicalservices.com\/#website\"},\"primaryImageOfPage\":{\"@id\":\"https:\/\/bodetechnicalservices.com\/es\/sobre-nosotros\/#primaryimage\"},\"image\":{\"@id\":\"https:\/\/bodetechnicalservices.com\/es\/sobre-nosotros\/#primaryimage\"},\"thumbnailUrl\":\"https:\/\/bodetechnicalservices.com\/wp-content\/uploads\/ABOUT-BTS-CRANE-BANNER-.jpg\",\"datePublished\":\"2015-01-12T16:06:24+00:00\",\"dateModified\":\"2015-03-06T18:12:32+00:00\",\"breadcrumb\":{\"@id\":\"https:\/\/bodetechnicalservices.com\/es\/sobre-nosotros\/#breadcrumb\"},\"inLanguage\":\"es-ES\",\"potentialAction\":[{\"@type\":\"ReadAction\",\"target\":[\"https:\/\/bodetechnicalservices.com\/es\/sobre-nosotros\/\"]}]},{\"@type\":\"ImageObject\",\"inLanguage\":\"es-ES\",\"@id\":\"https:\/\/bodetechnicalservices.com\/es\/sobre-nosotros\/#primaryimage\",\"url\":\"https:\/\/bodetechnicalservices.com\/wp-content\/uploads\/ABOUT-BTS-CRANE-BANNER-.jpg\",\"contentUrl\":\"https:\/\/bodetechnicalservices.com\/wp-content\/uploads\/ABOUT-BTS-CRANE-BANNER-.jpg\",\"width\":1295,\"height\":186},{\"@type\":\"BreadcrumbList\",\"@id\":\"https:\/\/bodetechnicalservices.com\/es\/sobre-nosotros\/#breadcrumb\",\"itemListElement\":[{\"@type\":\"ListItem\",\"position\":1,\"name\":\"Home\",\"item\":\"https:\/\/bodetechnicalservices.com\/\"},{\"@type\":\"ListItem\",\"position\":2,\"name\":\"Sobre Nosotros\"}]},{\"@type\":\"WebSite\",\"@id\":\"https:\/\/bodetechnicalservices.com\/#website\",\"url\":\"https:\/\/bodetechnicalservices.com\/\",\"name\":\"BTS Crane\",\"description\":\"Trimble LSI PAT Hirschmann Crane Parts\",\"potentialAction\":[{\"@type\":\"SearchAction\",\"target\":{\"@type\":\"EntryPoint\",\"urlTemplate\":\"https:\/\/bodetechnicalservices.com\/?s={search_term_string}\"},\"query-input\":{\"@type\":\"PropertyValueSpecification\",\"valueRequired\":true,\"valueName\":\"search_term_string\"}}],\"inLanguage\":\"es-ES\"}]}<\/script>\n<!-- \/ Yoast SEO plugin. -->","yoast_head_json":{"title":"Sobre Nosotros - BTS Crane","robots":{"index":"index","follow":"follow","max-snippet":"max-snippet:-1","max-image-preview":"max-image-preview:large","max-video-preview":"max-video-preview:-1"},"canonical":"https:\/\/bodetechnicalservices.com\/es\/sobre-nosotros\/","twitter_misc":{"Tiempo de lectura":"2 minutes"},"schema":{"@context":"https:\/\/schema.org","@graph":[{"@type":"WebPage","@id":"https:\/\/bodetechnicalservices.com\/es\/sobre-nosotros\/","url":"https:\/\/bodetechnicalservices.com\/es\/sobre-nosotros\/","name":"Sobre Nosotros - BTS Crane","isPartOf":{"@id":"https:\/\/bodetechnicalservices.com\/#website"},"primaryImageOfPage":{"@id":"https:\/\/bodetechnicalservices.com\/es\/sobre-nosotros\/#primaryimage"},"image":{"@id":"https:\/\/bodetechnicalservices.com\/es\/sobre-nosotros\/#primaryimage"},"thumbnailUrl":"https:\/\/bodetechnicalservices.com\/wp-content\/uploads\/ABOUT-BTS-CRANE-BANNER-.jpg","datePublished":"2015-01-12T16:06:24+00:00","dateModified":"2015-03-06T18:12:32+00:00","breadcrumb":{"@id":"https:\/\/bodetechnicalservices.com\/es\/sobre-nosotros\/#breadcrumb"},"inLanguage":"es-ES","potentialAction":[{"@type":"ReadAction","target":["https:\/\/bodetechnicalservices.com\/es\/sobre-nosotros\/"]}]},{"@type":"ImageObject","inLanguage":"es-ES","@id":"https:\/\/bodetechnicalservices.com\/es\/sobre-nosotros\/#primaryimage","url":"https:\/\/bodetechnicalservices.com\/wp-content\/uploads\/ABOUT-BTS-CRANE-BANNER-.jpg","contentUrl":"https:\/\/bodetechnicalservices.com\/wp-content\/uploads\/ABOUT-BTS-CRANE-BANNER-.jpg","width":1295,"height":186},{"@type":"BreadcrumbList","@id":"https:\/\/bodetechnicalservices.com\/es\/sobre-nosotros\/#breadcrumb","itemListElement":[{"@type":"ListItem","position":1,"name":"Home","item":"https:\/\/bodetechnicalservices.com\/"},{"@type":"ListItem","position":2,"name":"Sobre Nosotros"}]},{"@type":"WebSite","@id":"https:\/\/bodetechnicalservices.com\/#website","url":"https:\/\/bodetechnicalservices.com\/","name":"BTS Crane","description":"Trimble LSI PAT Hirschmann Crane Parts","potentialAction":[{"@type":"SearchAction","target":{"@type":"EntryPoint","urlTemplate":"https:\/\/bodetechnicalservices.com\/?s={search_term_string}"},"query-input":{"@type":"PropertyValueSpecification","valueRequired":true,"valueName":"search_term_string"}}],"inLanguage":"es-ES"}]}},"_links":{"self":[{"href":"https:\/\/bodetechnicalservices.com\/es\/wp-json\/wp\/v2\/pages\/7438","targetHints":{"allow":["GET"]}}],"collection":[{"href":"https:\/\/bodetechnicalservices.com\/es\/wp-json\/wp\/v2\/pages"}],"about":[{"href":"https:\/\/bodetechnicalservices.com\/es\/wp-json\/wp\/v2\/types\/page"}],"author":[{"embeddable":true,"href":"https:\/\/bodetechnicalservices.com\/es\/wp-json\/wp\/v2\/users\/3"}],"replies":[{"embeddable":true,"href":"https:\/\/bodetechnicalservices.com\/es\/wp-json\/wp\/v2\/comments?post=7438"}],"version-history":[{"count":1,"href":"https:\/\/bodetechnicalservices.com\/es\/wp-json\/wp\/v2\/pages\/7438\/revisions"}],"predecessor-version":[{"id":7623,"href":"https:\/\/bodetechnicalservices.com\/es\/wp-json\/wp\/v2\/pages\/7438\/revisions\/7623"}],"wp:featuredmedia":[{"embeddable":true,"href":"https:\/\/bodetechnicalservices.com\/es\/wp-json\/wp\/v2\/media\/11058"}],"wp:attachment":[{"href":"https:\/\/bodetechnicalservices.com\/es\/wp-json\/wp\/v2\/media?parent=7438"}],"curies":[{"name":"wp","href":"https:\/\/api.w.org\/{rel}","templated":true}]}}